{"id":2004,"date":"2023-06-04T19:02:15","date_gmt":"2023-06-04T19:02:15","guid":{"rendered":"https:\/\/aluengsystems.com\/?page_id=2004"},"modified":"2023-10-08T18:31:49","modified_gmt":"2023-10-08T18:31:49","slug":"aluminyum-kapi-ve-pencere-sistemleri","status":"publish","type":"page","link":"https:\/\/www.aluengsystems.com\/index.php\/aluminyum-kapi-ve-pencere-sistemleri\/","title":{"rendered":"Al\u00fcminyum Kap\u0131 ve Pencere Sistemleri"},"content":{"rendered":"\t\t<div data-elementor-type=\"wp-page\" data-elementor-id=\"2004\" class=\"elementor elementor-2004\">\n\t\t\t\t\t\t\t\t\t<section class=\"elementor-section elementor-top-section elementor-element elementor-element-1f58c1b2 elementor-section-stretched elementor-section-height-min-height elementor-section-boxed elementor-section-height-default elementor-section-items-middle elementor-invisible\" data-id=\"1f58c1b2\" data-element_type=\"section\" data-settings=\"{&quot;background_background&quot;:&quot;classic&quot;,&quot;stretch_section&quot;:&quot;section-stretched&quot;,&quot;animation&quot;:&quot;fadeIn&quot;}\">\n\t\t\t\t\t\t\t<div class=\"elementor-background-overlay\"><\/div>\n\t\t\t\t\t\t\t<div class=\"elementor-container elementor-column-gap-no\">\n\t\t\t\t\t<div class=\"elementor-column elementor-col-100 elementor-top-column elementor-element elementor-element-33a572e8\" data-id=\"33a572e8\" data-element_type=\"column\">\n\t\t\t<div class=\"elementor-widget-wrap elementor-element-populated\">\n\t\t\t\t\t\t\t\t<div class=\"elementor-element elementor-element-12ac194a elementor-widget elementor-widget-heading\" data-id=\"12ac194a\" data-element_type=\"widget\" data-widget_type=\"heading.default\">\n\t\t\t\t<div class=\"elementor-widget-container\">\n\t\t\t<style>\/*! elementor - v3.15.0 - 09-08-2023 *\/\n.elementor-heading-title{padding:0;margin:0;line-height:1}.elementor-widget-heading .elementor-heading-title[class*=elementor-size-]>a{color:inherit;font-size:inherit;line-height:inherit}.elementor-widget-heading .elementor-heading-title.elementor-size-small{font-size:15px}.elementor-widget-heading .elementor-heading-title.elementor-size-medium{font-size:19px}.elementor-widget-heading .elementor-heading-title.elementor-size-large{font-size:29px}.elementor-widget-heading .elementor-heading-title.elementor-size-xl{font-size:39px}.elementor-widget-heading .elementor-heading-title.elementor-size-xxl{font-size:59px}<\/style><h2 class=\"elementor-heading-title elementor-size-default\">Al\u00fcminyum Kap\u0131 ve Pencere Sistemleri<\/h2>\t\t<\/div>\n\t\t\t\t<\/div>\n\t\t\t\t\t<\/div>\n\t\t<\/div>\n\t\t\t\t\t\t\t<\/div>\n\t\t<\/section>\n\t\t\t\t<section class=\"elementor-section elementor-top-section elementor-element elementor-element-85ba346 elementor-section-boxed elementor-section-height-default elementor-section-height-default\" data-id=\"85ba346\" data-element_type=\"section\" data-settings=\"{&quot;background_background&quot;:&quot;gradient&quot;}\">\n\t\t\t\t\t\t<div class=\"elementor-container elementor-column-gap-default\">\n\t\t\t\t\t<div class=\"elementor-column elementor-col-66 elementor-top-column elementor-element elementor-element-c1a0254\" data-id=\"c1a0254\" data-element_type=\"column\">\n\t\t\t<div class=\"elementor-widget-wrap elementor-element-populated\">\n\t\t\t\t\t\t\t\t<div class=\"elementor-element elementor-element-232114b elementor-widget elementor-widget-heading\" data-id=\"232114b\" data-element_type=\"widget\" data-widget_type=\"heading.default\">\n\t\t\t\t<div class=\"elementor-widget-container\">\n\t\t\t<h3 class=\"elementor-heading-title elementor-size-default\">Al\u00fcminyum Pencere ve Kap\u0131 Sistemlerinin Avantajlar\u0131<\/h3>\t\t<\/div>\n\t\t\t\t<\/div>\n\t\t\t\t<div class=\"elementor-element elementor-element-26081b1 elementor-widget elementor-widget-text-editor\" data-id=\"26081b1\" data-element_type=\"widget\" data-widget_type=\"text-editor.default\">\n\t\t\t\t<div class=\"elementor-widget-container\">\n\t\t\t<style>\/*! elementor - v3.15.0 - 09-08-2023 *\/\n.elementor-widget-text-editor.elementor-drop-cap-view-stacked .elementor-drop-cap{background-color:#69727d;color:#fff}.elementor-widget-text-editor.elementor-drop-cap-view-framed .elementor-drop-cap{color:#69727d;border:3px solid;background-color:transparent}.elementor-widget-text-editor:not(.elementor-drop-cap-view-default) .elementor-drop-cap{margin-top:8px}.elementor-widget-text-editor:not(.elementor-drop-cap-view-default) .elementor-drop-cap-letter{width:1em;height:1em}.elementor-widget-text-editor .elementor-drop-cap{float:left;text-align:center;line-height:1;font-size:50px}.elementor-widget-text-editor .elementor-drop-cap-letter{display:inline-block}<\/style>\t\t\t\t<p>Al\u00fcminyum do\u011frama \u00fcr\u00fcnleri, in\u015faat sekt\u00f6r\u00fcnde en yayg\u0131n kullan\u0131lan malzemelerden biridir. Bu \u00fcr\u00fcnlerin temel \u00f6zellikleri, al\u00fcminyum malzemesinden kaynaklan\u0131r ve al\u00fcminyumun avantajlar\u0131, bir\u00e7ok farkl\u0131 sekt\u00f6rde en uygun malzeme olarak kullan\u0131lmas\u0131na olanak sa\u011flar.<\/p>\t\t\t\t\t\t<\/div>\n\t\t\t\t<\/div>\n\t\t\t\t<div class=\"elementor-element elementor-element-888087a elementor-widget elementor-widget-heading\" data-id=\"888087a\" data-element_type=\"widget\" data-widget_type=\"heading.default\">\n\t\t\t\t<div class=\"elementor-widget-container\">\n\t\t\t<h5 class=\"elementor-heading-title elementor-size-default\">Uzun \u00d6m\u00fcrl\u00fcl\u00fck ve Dayan\u0131kl\u0131l\u0131k<\/h5>\t\t<\/div>\n\t\t\t\t<\/div>\n\t\t\t\t<div class=\"elementor-element elementor-element-1d8cd47 elementor-widget elementor-widget-text-editor\" data-id=\"1d8cd47\" data-element_type=\"widget\" data-widget_type=\"text-editor.default\">\n\t\t\t\t<div class=\"elementor-widget-container\">\n\t\t\t\t\t\t\t<p>Al\u00fcminyum, zorlu hava ko\u015fullar\u0131na ve korozyona kar\u015f\u0131 son derece dayan\u0131kl\u0131 bir malzemedir. Bu nedenle al\u00fcminyum kap\u0131 ve pencere sistemleri, \u00e7e\u015fitli hava ko\u015fullar\u0131na ve korozyona kar\u015f\u0131 koruma sa\u011flar. Bir al\u00fcminyum kap\u0131 veya pencere, yakla\u015f\u0131k 40 y\u0131l boyunca dayanabilir.<\/p>\t\t\t\t\t\t<\/div>\n\t\t\t\t<\/div>\n\t\t\t\t<div class=\"elementor-element elementor-element-afc5a1f elementor-widget elementor-widget-heading\" data-id=\"afc5a1f\" data-element_type=\"widget\" data-widget_type=\"heading.default\">\n\t\t\t\t<div class=\"elementor-widget-container\">\n\t\t\t<h5 class=\"elementor-heading-title elementor-size-default\">D\u00fc\u015f\u00fck ve Y\u00fcksek S\u0131cakl\u0131klarda Performans<\/h5>\t\t<\/div>\n\t\t\t\t<\/div>\n\t\t\t\t<div class=\"elementor-element elementor-element-68bf13d elementor-widget elementor-widget-text-editor\" data-id=\"68bf13d\" data-element_type=\"widget\" data-widget_type=\"text-editor.default\">\n\t\t\t\t<div class=\"elementor-widget-container\">\n\t\t\t\t\t\t\t<p>Al\u00fcminyumdan \u00fcretilen kap\u0131 ve pencereler, hem \u00e7ok d\u00fc\u015f\u00fck hem de \u00e7ok y\u00fcksek s\u0131cakl\u0131klarda mekanik \u00f6zelliklerini koruyabilen bir yap\u0131ya sahiptir. Bu nedenle, geni\u015f \u00e7er\u00e7eve ve y\u00fcksek \u00e7er\u00e7eve aral\u0131klar\u0131na sahip alanlarda kullan\u0131lmak i\u00e7in uygundur.<\/p>\t\t\t\t\t\t<\/div>\n\t\t\t\t<\/div>\n\t\t\t\t<div class=\"elementor-element elementor-element-88d9fcb elementor-widget elementor-widget-heading\" data-id=\"88d9fcb\" data-element_type=\"widget\" data-widget_type=\"heading.default\">\n\t\t\t\t<div class=\"elementor-widget-container\">\n\t\t\t<h5 class=\"elementor-heading-title elementor-size-default\">\u00d6zelle\u015ftirilebilir \u00d6l\u00e7\u00fcler<\/h5>\t\t<\/div>\n\t\t\t\t<\/div>\n\t\t\t\t<div class=\"elementor-element elementor-element-eb4d131 elementor-widget elementor-widget-text-editor\" data-id=\"eb4d131\" data-element_type=\"widget\" data-widget_type=\"text-editor.default\">\n\t\t\t\t<div class=\"elementor-widget-container\">\n\t\t\t\t\t\t\t<p>Al\u00fcminyum pencere ve kap\u0131 sistemleri farkl\u0131 \u00f6l\u00e7\u00fclerde \u00fcretilebilir. Dayan\u0131kl\u0131 ve hafif bir yap\u0131ya sahip olmalar\u0131n\u0131n yan\u0131 s\u0131ra hassas \u00f6l\u00e7\u00fclerde \u00fcretilebilme yetenekleri sayesinde \u00f6zelle\u015ftirilmi\u015f \u00f6l\u00e7\u00fc ve tasar\u0131mlara uygunluk g\u00f6sterirler.<\/p>\t\t\t\t\t\t<\/div>\n\t\t\t\t<\/div>\n\t\t\t\t<div class=\"elementor-element elementor-element-6fb7983 elementor-widget elementor-widget-heading\" data-id=\"6fb7983\" data-element_type=\"widget\" data-widget_type=\"heading.default\">\n\t\t\t\t<div class=\"elementor-widget-container\">\n\t\t\t<h5 class=\"elementor-heading-title elementor-size-default\">Enerji Verimlili\u011fi<\/h5>\t\t<\/div>\n\t\t\t\t<\/div>\n\t\t\t\t<div class=\"elementor-element elementor-element-6d20cc8 elementor-widget elementor-widget-text-editor\" data-id=\"6d20cc8\" data-element_type=\"widget\" data-widget_type=\"text-editor.default\">\n\t\t\t\t<div class=\"elementor-widget-container\">\n\t\t\t\t\t\t\t<p>Al\u00fcminyum kap\u0131lar ve pencereler, d\u0131\u015far\u0131dan gelen so\u011fuk hava veya s\u0131cak hava giri\u015fini engeller. Bu sayede i\u00e7 mekan\u0131n s\u0131cakl\u0131\u011f\u0131n\u0131n istikrar\u0131n\u0131 sa\u011flarlar ve enerji tasarrufu sa\u011flarlar. Bu nedenle al\u00fcminyum sistemler, enerji verimlili\u011fi a\u00e7\u0131s\u0131ndan da avantajl\u0131d\u0131r.<\/p>\t\t\t\t\t\t<\/div>\n\t\t\t\t<\/div>\n\t\t\t\t\t<\/div>\n\t\t<\/div>\n\t\t\t\t<div class=\"elementor-column elementor-col-33 elementor-top-column elementor-element elementor-element-facfff4\" data-id=\"facfff4\" data-element_type=\"column\">\n\t\t\t<div class=\"elementor-widget-wrap elementor-element-populated\">\n\t\t\t\t\t\t\t\t<div class=\"elementor-element elementor-element-ee1e447 elementor-widget elementor-widget-image\" data-id=\"ee1e447\" data-element_type=\"widget\" data-widget_type=\"image.default\">\n\t\t\t\t<div class=\"elementor-widget-container\">\n\t\t\t<style>\/*! elementor - v3.15.0 - 09-08-2023 *\/\n.elementor-widget-image{text-align:center}.elementor-widget-image a{display:inline-block}.elementor-widget-image a img[src$=\".svg\"]{width:48px}.elementor-widget-image img{vertical-align:middle;display:inline-block}<\/style>\t\t\t\t\t\t\t\t\t\t\t\t<img decoding=\"async\" width=\"600\" height=\"350\" src=\"https:\/\/www.aluengsystems.com\/wp-content\/uploads\/2023\/05\/urun7.png\" class=\"attachment-large size-large wp-image-1787\" alt=\"\" loading=\"lazy\" srcset=\"https:\/\/www.aluengsystems.com\/wp-content\/uploads\/2023\/05\/urun7.png 600w, https:\/\/www.aluengsystems.com\/wp-content\/uploads\/2023\/05\/urun7-300x175.png 300w\" sizes=\"(max-width: 600px) 100vw, 600px\" \/>\t\t\t\t\t\t\t\t\t\t\t\t\t\t\t<\/div>\n\t\t\t\t<\/div>\n\t\t\t\t<div class=\"elementor-element elementor-element-d95b6fe elementor-widget elementor-widget-image\" data-id=\"d95b6fe\" data-element_type=\"widget\" data-widget_type=\"image.default\">\n\t\t\t\t<div class=\"elementor-widget-container\">\n\t\t\t\t\t\t\t\t\t\t\t\t\t\t\t<img decoding=\"async\" width=\"600\" height=\"350\" src=\"https:\/\/www.aluengsystems.com\/wp-content\/uploads\/2023\/09\/akps1.png\" class=\"attachment-large size-large wp-image-2621\" alt=\"\" loading=\"lazy\" srcset=\"https:\/\/www.aluengsystems.com\/wp-content\/uploads\/2023\/09\/akps1.png 600w, https:\/\/www.aluengsystems.com\/wp-content\/uploads\/2023\/09\/akps1-300x175.png 300w\" sizes=\"(max-width: 600px) 100vw, 600px\" \/>\t\t\t\t\t\t\t\t\t\t\t\t\t\t\t<\/div>\n\t\t\t\t<\/div>\n\t\t\t\t<div class=\"elementor-element elementor-element-97bde71 elementor-widget elementor-widget-image\" data-id=\"97bde71\" data-element_type=\"widget\" data-widget_type=\"image.default\">\n\t\t\t\t<div class=\"elementor-widget-container\">\n\t\t\t\t\t\t\t\t\t\t\t\t\t\t\t<img decoding=\"async\" width=\"600\" height=\"350\" src=\"https:\/\/www.aluengsystems.com\/wp-content\/uploads\/2023\/05\/urun1.png\" class=\"attachment-large size-large wp-image-1769\" alt=\"\" loading=\"lazy\" srcset=\"https:\/\/www.aluengsystems.com\/wp-content\/uploads\/2023\/05\/urun1.png 600w, https:\/\/www.aluengsystems.com\/wp-content\/uploads\/2023\/05\/urun1-300x175.png 300w\" sizes=\"(max-width: 600px) 100vw, 600px\" \/>\t\t\t\t\t\t\t\t\t\t\t\t\t\t\t<\/div>\n\t\t\t\t<\/div>\n\t\t\t\t\t<\/div>\n\t\t<\/div>\n\t\t\t\t\t\t\t<\/div>\n\t\t<\/section>\n\t\t\t\t<section class=\"elementor-section elementor-top-section elementor-element elementor-element-427dfd8 elementor-section-boxed elementor-section-height-default elementor-section-height-default\" data-id=\"427dfd8\" data-element_type=\"section\" data-settings=\"{&quot;background_background&quot;:&quot;classic&quot;}\">\n\t\t\t\t\t\t<div class=\"elementor-container elementor-column-gap-default\">\n\t\t\t\t\t<div class=\"elementor-column elementor-col-100 elementor-top-column elementor-element elementor-element-221875d1\" data-id=\"221875d1\" data-element_type=\"column\" data-settings=\"{&quot;background_background&quot;:&quot;classic&quot;}\">\n\t\t\t<div class=\"elementor-widget-wrap elementor-element-populated\">\n\t\t\t\t\t\t\t\t<section class=\"elementor-section elementor-inner-section elementor-element elementor-element-496b1b49 elementor-section-content-middle elementor-section-boxed elementor-section-height-default elementor-section-height-default\" data-id=\"496b1b49\" data-element_type=\"section\">\n\t\t\t\t\t\t<div class=\"elementor-container elementor-column-gap-default\">\n\t\t\t\t\t<div class=\"elementor-column elementor-col-50 elementor-inner-column elementor-element elementor-element-9e74248\" data-id=\"9e74248\" data-element_type=\"column\">\n\t\t\t<div class=\"elementor-widget-wrap elementor-element-populated\">\n\t\t\t\t\t\t\t\t<div class=\"elementor-element elementor-element-508b0c elementor-widget elementor-widget-heading\" data-id=\"508b0c\" data-element_type=\"widget\" data-widget_type=\"heading.default\">\n\t\t\t\t<div class=\"elementor-widget-container\">\n\t\t\t<h3 class=\"elementor-heading-title elementor-size-default\">Projenizde bizimle \u00e7al\u0131\u015fmak ister misiniz?<\/h3>\t\t<\/div>\n\t\t\t\t<\/div>\n\t\t\t\t<div class=\"elementor-element elementor-element-6fd3040 elementor-widget elementor-widget-text-editor\" data-id=\"6fd3040\" data-element_type=\"widget\" data-widget_type=\"text-editor.default\">\n\t\t\t\t<div class=\"elementor-widget-container\">\n\t\t\t\t\t\t\t<p>Al\u00fcminyum sistemleri hakk\u0131nda daha fazla bilgi almak ve bu \u00fcr\u00fcnlere sahip olmak i\u00e7in bize ula\u015f\u0131n. Size en kaliteli ve g\u00fcvenilir al\u00fcminyum kap\u0131 ve pencereleri sunmak i\u00e7in buraday\u0131z.<\/p>\t\t\t\t\t\t<\/div>\n\t\t\t\t<\/div>\n\t\t\t\t\t<\/div>\n\t\t<\/div>\n\t\t\t\t<div class=\"elementor-column elementor-col-50 elementor-inner-column elementor-element elementor-element-3f3d9739\" data-id=\"3f3d9739\" data-element_type=\"column\">\n\t\t\t<div class=\"elementor-widget-wrap elementor-element-populated\">\n\t\t\t\t\t\t\t\t<div class=\"elementor-element elementor-element-320d5ea elementor-align-right elementor-tablet-align-center elementor-widget elementor-widget-button\" data-id=\"320d5ea\" data-element_type=\"widget\" data-widget_type=\"button.default\">\n\t\t\t\t<div class=\"elementor-widget-container\">\n\t\t\t\t\t<div class=\"elementor-button-wrapper\">\n\t\t\t<a class=\"elementor-button elementor-button-link elementor-size-sm\" href=\"\/index.php\/contact\/\">\n\t\t\t\t\t\t<span class=\"elementor-button-content-wrapper\">\n\t\t\t\t\t\t<span class=\"elementor-button-text\">Bize Ula\u015f\u0131n<\/span>\n\t\t<\/span>\n\t\t\t\t\t<\/a>\n\t\t<\/div>\n\t\t\t\t<\/div>\n\t\t\t\t<\/div>\n\t\t\t\t\t<\/div>\n\t\t<\/div>\n\t\t\t\t\t\t\t<\/div>\n\t\t<\/section>\n\t\t\t\t\t<\/div>\n\t\t<\/div>\n\t\t\t\t\t\t\t<\/div>\n\t\t<\/section>\n\t\t\t\t\t\t\t<\/div>\n\t\t","protected":false},"excerpt":{"rendered":"<p>Al\u00fcminyum Kap\u0131 ve Pencere Sistemleri Al\u00fcminyum Pencere ve Kap\u0131 Sistemlerinin Avantajlar\u0131 Al\u00fcminyum do\u011frama \u00fcr\u00fcnleri, in\u015faat sekt\u00f6r\u00fcnde en yayg\u0131n kullan\u0131lan malzemelerden biridir. Bu \u00fcr\u00fcnlerin temel \u00f6zellikleri, al\u00fcminyum malzemesinden kaynaklan\u0131r ve al\u00fcminyumun avantajlar\u0131, bir\u00e7ok farkl\u0131 sekt\u00f6rde en uygun malzeme olarak kullan\u0131lmas\u0131na olanak sa\u011flar. Uzun \u00d6m\u00fcrl\u00fcl\u00fck ve Dayan\u0131kl\u0131l\u0131k Al\u00fcminyum, zorlu hava ko\u015fullar\u0131na ve korozyona kar\u015f\u0131 son derece dayan\u0131kl\u0131 &hellip;<\/p>\n<p class=\"read-more\"> <a class=\"\" href=\"https:\/\/www.aluengsystems.com\/index.php\/aluminyum-kapi-ve-pencere-sistemleri\/\"> <span class=\"screen-reader-text\">Al\u00fcminyum Kap\u0131 ve Pencere Sistemleri<\/span> Read More &raquo;<\/a><\/p>\n","protected":false},"author":1,"featured_media":0,"parent":0,"menu_order":0,"comment_status":"closed","ping_status":"closed","template":"","meta":{"site-sidebar-layout":"no-sidebar","site-content-layout":"page-builder","ast-global-header-display":"","ast-banner-title-visibility":"","ast-main-header-display":"","ast-hfb-above-header-display":"","ast-hfb-below-header-display":"","ast-hfb-mobile-header-display":"","site-post-title":"disabled","ast-breadcrumbs-content":"","ast-featured-img":"disabled","footer-sml-layout":"","theme-transparent-header-meta":"","adv-header-id-meta":"","stick-header-meta":"","header-above-stick-meta":"","header-main-stick-meta":"","header-below-stick-meta":""},"_links":{"self":[{"href":"https:\/\/www.aluengsystems.com\/index.php\/wp-json\/wp\/v2\/pages\/2004"}],"collection":[{"href":"https:\/\/www.aluengsystems.com\/index.php\/wp-json\/wp\/v2\/pages"}],"about":[{"href":"https:\/\/www.aluengsystems.com\/index.php\/wp-json\/wp\/v2\/types\/page"}],"author":[{"embeddable":true,"href":"https:\/\/www.aluengsystems.com\/index.php\/wp-json\/wp\/v2\/users\/1"}],"replies":[{"embeddable":true,"href":"https:\/\/www.aluengsystems.com\/index.php\/wp-json\/wp\/v2\/comments?post=2004"}],"version-history":[{"count":61,"href":"https:\/\/www.aluengsystems.com\/index.php\/wp-json\/wp\/v2\/pages\/2004\/revisions"}],"predecessor-version":[{"id":2873,"href":"https:\/\/www.aluengsystems.com\/index.php\/wp-json\/wp\/v2\/pages\/2004\/revisions\/2873"}],"wp:attachment":[{"href":"https:\/\/www.aluengsystems.com\/index.php\/wp-json\/wp\/v2\/media?parent=2004"}],"curies":[{"name":"wp","href":"https:\/\/api.w.org\/{rel}","templated":true}]}}