{"id":2008,"date":"2023-06-04T19:02:15","date_gmt":"2023-06-04T19:02:15","guid":{"rendered":"https:\/\/aluengsystems.com\/?page_id=2008"},"modified":"2023-10-08T18:34:28","modified_gmt":"2023-10-08T18:34:28","slug":"aluminyum-surme-sistemler","status":"publish","type":"page","link":"https:\/\/www.aluengsystems.com\/index.php\/aluminyum-surme-sistemler\/","title":{"rendered":"Al\u00fcminyum S\u00fcrme Sistemler"},"content":{"rendered":"\t\t<div data-elementor-type=\"wp-page\" data-elementor-id=\"2008\" class=\"elementor elementor-2008\">\n\t\t\t\t\t\t\t\t\t<section class=\"elementor-section elementor-top-section elementor-element elementor-element-115dbcb2 elementor-section-stretched elementor-section-height-min-height elementor-section-boxed elementor-section-height-default elementor-section-items-middle elementor-invisible\" data-id=\"115dbcb2\" data-element_type=\"section\" data-settings=\"{&quot;background_background&quot;:&quot;classic&quot;,&quot;stretch_section&quot;:&quot;section-stretched&quot;,&quot;animation&quot;:&quot;fadeIn&quot;}\">\n\t\t\t\t\t\t\t<div class=\"elementor-background-overlay\"><\/div>\n\t\t\t\t\t\t\t<div class=\"elementor-container elementor-column-gap-no\">\n\t\t\t\t\t<div class=\"elementor-column elementor-col-100 elementor-top-column elementor-element elementor-element-7de70e5f\" data-id=\"7de70e5f\" data-element_type=\"column\">\n\t\t\t<div class=\"elementor-widget-wrap elementor-element-populated\">\n\t\t\t\t\t\t\t\t<div class=\"elementor-element elementor-element-ec47943 elementor-widget elementor-widget-heading\" data-id=\"ec47943\" data-element_type=\"widget\" data-widget_type=\"heading.default\">\n\t\t\t\t<div class=\"elementor-widget-container\">\n\t\t\t<style>\/*! elementor - v3.15.0 - 09-08-2023 *\/\n.elementor-heading-title{padding:0;margin:0;line-height:1}.elementor-widget-heading .elementor-heading-title[class*=elementor-size-]>a{color:inherit;font-size:inherit;line-height:inherit}.elementor-widget-heading .elementor-heading-title.elementor-size-small{font-size:15px}.elementor-widget-heading .elementor-heading-title.elementor-size-medium{font-size:19px}.elementor-widget-heading .elementor-heading-title.elementor-size-large{font-size:29px}.elementor-widget-heading .elementor-heading-title.elementor-size-xl{font-size:39px}.elementor-widget-heading .elementor-heading-title.elementor-size-xxl{font-size:59px}<\/style><h2 class=\"elementor-heading-title elementor-size-default\">Al\u00fcminyum S\u00fcrme Sistemler<\/h2>\t\t<\/div>\n\t\t\t\t<\/div>\n\t\t\t\t\t<\/div>\n\t\t<\/div>\n\t\t\t\t\t\t\t<\/div>\n\t\t<\/section>\n\t\t\t\t<section class=\"elementor-section elementor-top-section elementor-element elementor-element-479520d1 elementor-section-boxed elementor-section-height-default elementor-section-height-default\" data-id=\"479520d1\" data-element_type=\"section\" data-settings=\"{&quot;background_background&quot;:&quot;gradient&quot;}\">\n\t\t\t\t\t\t<div class=\"elementor-container elementor-column-gap-default\">\n\t\t\t\t\t<div class=\"elementor-column elementor-col-66 elementor-top-column elementor-element elementor-element-5874c248\" data-id=\"5874c248\" data-element_type=\"column\">\n\t\t\t<div class=\"elementor-widget-wrap elementor-element-populated\">\n\t\t\t\t\t\t\t\t<div class=\"elementor-element elementor-element-25669942 elementor-widget elementor-widget-heading\" data-id=\"25669942\" data-element_type=\"widget\" data-widget_type=\"heading.default\">\n\t\t\t\t<div class=\"elementor-widget-container\">\n\t\t\t<h3 class=\"elementor-heading-title elementor-size-default\">Al\u00fcminyum S\u00fcrme Sistemler<\/h3>\t\t<\/div>\n\t\t\t\t<\/div>\n\t\t\t\t<div class=\"elementor-element elementor-element-32e0c0ad elementor-widget elementor-widget-text-editor\" data-id=\"32e0c0ad\" data-element_type=\"widget\" data-widget_type=\"text-editor.default\">\n\t\t\t\t<div class=\"elementor-widget-container\">\n\t\t\t<style>\/*! elementor - v3.15.0 - 09-08-2023 *\/\n.elementor-widget-text-editor.elementor-drop-cap-view-stacked .elementor-drop-cap{background-color:#69727d;color:#fff}.elementor-widget-text-editor.elementor-drop-cap-view-framed .elementor-drop-cap{color:#69727d;border:3px solid;background-color:transparent}.elementor-widget-text-editor:not(.elementor-drop-cap-view-default) .elementor-drop-cap{margin-top:8px}.elementor-widget-text-editor:not(.elementor-drop-cap-view-default) .elementor-drop-cap-letter{width:1em;height:1em}.elementor-widget-text-editor .elementor-drop-cap{float:left;text-align:center;line-height:1;font-size:50px}.elementor-widget-text-editor .elementor-drop-cap-letter{display:inline-block}<\/style>\t\t\t\t<p>Al\u00fcminyum s\u00fcrme sistemler, modern ya\u015fam\u0131n vazge\u00e7ilmez bir par\u00e7as\u0131 haline gelmi\u015ftir ve bir\u00e7ok farkl\u0131 alanda kullan\u0131lmaktad\u0131r. Bu sistemler, hem estetik hem de i\u015flevsellik a\u00e7\u0131s\u0131ndan b\u00fcy\u00fck avantajlar sunarlar.<\/p>\t\t\t\t\t\t<\/div>\n\t\t\t\t<\/div>\n\t\t\t\t<div class=\"elementor-element elementor-element-20a26420 elementor-widget elementor-widget-heading\" data-id=\"20a26420\" data-element_type=\"widget\" data-widget_type=\"heading.default\">\n\t\t\t\t<div class=\"elementor-widget-container\">\n\t\t\t<h5 class=\"elementor-heading-title elementor-size-default\">Al\u00fcminyum S\u00fcrme Sistemleri Nedir?<\/h5>\t\t<\/div>\n\t\t\t\t<\/div>\n\t\t\t\t<div class=\"elementor-element elementor-element-16316398 elementor-widget elementor-widget-text-editor\" data-id=\"16316398\" data-element_type=\"widget\" data-widget_type=\"text-editor.default\">\n\t\t\t\t<div class=\"elementor-widget-container\">\n\t\t\t\t\t\t\t<p>Al\u00fcminyum s\u00fcrme sistemleri, genellikle cam panellerin veya kap\u0131lar\u0131n yan yana kayd\u0131r\u0131lmas\u0131n\u0131 sa\u011flayan bir yap\u0131d\u0131r. Bu sistemler, pencere, kap\u0131 veya b\u00f6lme duvarlar\u0131 gibi farkl\u0131 uygulamalarda kullan\u0131labilirler. En yayg\u0131n kullan\u0131ld\u0131klar\u0131 yerler aras\u0131nda otel odalar\u0131, evler, ofisler, balkonlar ve ticari binalar bulunur.<\/p>\t\t\t\t\t\t<\/div>\n\t\t\t\t<\/div>\n\t\t\t\t<div class=\"elementor-element elementor-element-39f14104 elementor-widget elementor-widget-heading\" data-id=\"39f14104\" data-element_type=\"widget\" data-widget_type=\"heading.default\">\n\t\t\t\t<div class=\"elementor-widget-container\">\n\t\t\t<h5 class=\"elementor-heading-title elementor-size-default\">Al\u00fcminyum S\u00fcrme Sistemlerin Avantajlar\u0131<\/h5>\t\t<\/div>\n\t\t\t\t<\/div>\n\t\t\t\t<div class=\"elementor-element elementor-element-5c1b1326 elementor-widget elementor-widget-text-editor\" data-id=\"5c1b1326\" data-element_type=\"widget\" data-widget_type=\"text-editor.default\">\n\t\t\t\t<div class=\"elementor-widget-container\">\n\t\t\t\t\t\t\t<p>Al\u00fcminyumdan \u00fcretilen kap\u0131 ve pencereler, hem \u00e7ok d\u00fc\u015f\u00fck hem de \u00e7ok y\u00fcksek s\u0131cakl\u0131klarda mekanik \u00f6zelliklerini koruyabilen bir yap\u0131ya sahiptir. Bu nedenle, geni\u015f \u00e7er\u00e7eve ve y\u00fcksek \u00e7er\u00e7eve aral\u0131klar\u0131na sahip alanlarda kullan\u0131lmak i\u00e7in uygundur.<\/p><ul><li><p><strong>\u015e\u0131kl\u0131k ve Estetik:<\/strong> Al\u00fcminyum s\u00fcrme sistemler, modern ve \u015f\u0131k bir g\u00f6r\u00fcn\u00fcm sunar. Geni\u015f cam paneller, mekanlara daha fazla \u0131\u015f\u0131k ve ferahl\u0131k katarken, i\u00e7 ve d\u0131\u015f mekanlar aras\u0131nda sorunsuz bir ge\u00e7i\u015f sa\u011flar.<\/p><\/li><li><p><strong>Uzun \u00d6m\u00fcr ve Dayan\u0131kl\u0131l\u0131k:<\/strong> Al\u00fcminyum malzeme, dayan\u0131kl\u0131l\u0131\u011f\u0131 ile bilinir ve uzun \u00f6m\u00fcrl\u00fcd\u00fcr. Bu sistemlerin kullan\u0131lmas\u0131yla binalar\u0131n\u0131z\u0131n d\u0131\u015f cephesi veya i\u00e7 mekanlar\u0131 uzun y\u0131llar boyunca g\u00fczel ve i\u015flevsel kal\u0131r.<\/p><\/li><li><p><strong>Kolay Kullan\u0131m:<\/strong> S\u00fcrme sistemleri, kullan\u0131c\u0131lar i\u00e7in kolay bir kullan\u0131m sunar. Cam paneller veya kap\u0131lar kolayca kayd\u0131r\u0131labilir ve a\u00e7\u0131labilir. Bu da kullan\u0131c\u0131lar\u0131n mekanlar\u0131n\u0131 rahat\u00e7a y\u00f6netmelerine olanak sa\u011flar.<\/p><\/li><li><p><strong>Ses ve Is\u0131 Yal\u0131t\u0131m\u0131:<\/strong> Al\u00fcminyum s\u00fcrme sistemleri, ses ve \u0131s\u0131 yal\u0131t\u0131m\u0131 a\u00e7\u0131s\u0131ndan da avantaj sunar. D\u0131\u015f g\u00fcr\u00fclt\u00fcy\u00fc azaltabilir ve enerji verimlili\u011fini art\u0131rabilirler.<\/p><\/li><li><p><strong>Alan Tasarrufu:<\/strong> S\u00fcrme sistemleri, mekan i\u00e7inde daha fazla kullan\u0131labilir alan yarat\u0131r. Kap\u0131 veya pencere a\u00e7ma alan\u0131na ihtiya\u00e7 duymadan daha fazla i\u015flevsellik sa\u011flarlar.<\/p><\/li><li><p><strong>\u00d6zelle\u015ftirilebilirlik:<\/strong> Al\u00fcminyum s\u00fcrme sistemleri, farkl\u0131 tasar\u0131m ve \u00f6zelliklere sahip olabilir. Renk se\u00e7enekleri, cam t\u00fcrleri ve kaplama se\u00e7enekleri ile projenizin gereksinimlerine uygun olarak \u00f6zelle\u015ftirilebilirler.<\/p><\/li><\/ul><p>Al\u00fcminyum s\u00fcrme sistemleri, estetik g\u00f6r\u00fcn\u00fcm, dayan\u0131kl\u0131l\u0131k ve i\u015flevsellik a\u00e7\u0131s\u0131ndan modern ya\u015fam\u0131n gereksinimlerini kar\u015f\u0131layan \u00f6nemli bir yap\u0131sal \u00f6zellik haline gelmi\u015ftir. Projelerinizde geni\u015f cam paneller, ferah mekanlar ve sorunsuz ge\u00e7i\u015fler ar\u0131yorsan\u0131z, al\u00fcminyum s\u00fcrme sistemleri sizin i\u00e7in m\u00fckemmel bir \u00e7\u00f6z\u00fcm olabilir.<\/p>\t\t\t\t\t\t<\/div>\n\t\t\t\t<\/div>\n\t\t\t\t\t<\/div>\n\t\t<\/div>\n\t\t\t\t<div class=\"elementor-column elementor-col-33 elementor-top-column elementor-element elementor-element-213f3e5b\" data-id=\"213f3e5b\" data-element_type=\"column\">\n\t\t\t<div class=\"elementor-widget-wrap elementor-element-populated\">\n\t\t\t\t\t\t\t\t<div class=\"elementor-element elementor-element-600b91b1 elementor-widget elementor-widget-image\" data-id=\"600b91b1\" data-element_type=\"widget\" data-widget_type=\"image.default\">\n\t\t\t\t<div class=\"elementor-widget-container\">\n\t\t\t<style>\/*! elementor - v3.15.0 - 09-08-2023 *\/\n.elementor-widget-image{text-align:center}.elementor-widget-image a{display:inline-block}.elementor-widget-image a img[src$=\".svg\"]{width:48px}.elementor-widget-image img{vertical-align:middle;display:inline-block}<\/style>\t\t\t\t\t\t\t\t\t\t\t\t<img decoding=\"async\" width=\"1024\" height=\"683\" src=\"https:\/\/www.aluengsystems.com\/wp-content\/uploads\/2023\/10\/1-1024x683.jpeg\" class=\"attachment-large size-large wp-image-2780\" alt=\"\" loading=\"lazy\" srcset=\"https:\/\/www.aluengsystems.com\/wp-content\/uploads\/2023\/10\/1-1024x683.jpeg 1024w, https:\/\/www.aluengsystems.com\/wp-content\/uploads\/2023\/10\/1-300x200.jpeg 300w, https:\/\/www.aluengsystems.com\/wp-content\/uploads\/2023\/10\/1-768x512.jpeg 768w, https:\/\/www.aluengsystems.com\/wp-content\/uploads\/2023\/10\/1.jpeg 1124w\" sizes=\"(max-width: 1024px) 100vw, 1024px\" \/>\t\t\t\t\t\t\t\t\t\t\t\t\t\t\t<\/div>\n\t\t\t\t<\/div>\n\t\t\t\t<div class=\"elementor-element elementor-element-31cb84dd elementor-widget elementor-widget-image\" data-id=\"31cb84dd\" data-element_type=\"widget\" data-widget_type=\"image.default\">\n\t\t\t\t<div class=\"elementor-widget-container\">\n\t\t\t\t\t\t\t\t\t\t\t\t\t\t\t<img decoding=\"async\" width=\"500\" height=\"333\" src=\"https:\/\/www.aluengsystems.com\/wp-content\/uploads\/2023\/10\/4.webp\" class=\"attachment-large size-large wp-image-2782\" alt=\"\" loading=\"lazy\" srcset=\"https:\/\/www.aluengsystems.com\/wp-content\/uploads\/2023\/10\/4.webp 500w, https:\/\/www.aluengsystems.com\/wp-content\/uploads\/2023\/10\/4-300x200.webp 300w\" sizes=\"(max-width: 500px) 100vw, 500px\" \/>\t\t\t\t\t\t\t\t\t\t\t\t\t\t\t<\/div>\n\t\t\t\t<\/div>\n\t\t\t\t<div class=\"elementor-element elementor-element-140266ec elementor-widget elementor-widget-image\" data-id=\"140266ec\" data-element_type=\"widget\" data-widget_type=\"image.default\">\n\t\t\t\t<div class=\"elementor-widget-container\">\n\t\t\t\t\t\t\t\t\t\t\t\t\t\t\t<img decoding=\"async\" width=\"1024\" height=\"683\" src=\"https:\/\/www.aluengsystems.com\/wp-content\/uploads\/2023\/10\/2-1024x683.webp\" class=\"attachment-large size-large wp-image-2781\" alt=\"\" loading=\"lazy\" srcset=\"https:\/\/www.aluengsystems.com\/wp-content\/uploads\/2023\/10\/2-1024x683.webp 1024w, https:\/\/www.aluengsystems.com\/wp-content\/uploads\/2023\/10\/2-300x200.webp 300w, https:\/\/www.aluengsystems.com\/wp-content\/uploads\/2023\/10\/2-768x512.webp 768w, https:\/\/www.aluengsystems.com\/wp-content\/uploads\/2023\/10\/2.webp 1125w\" sizes=\"(max-width: 1024px) 100vw, 1024px\" \/>\t\t\t\t\t\t\t\t\t\t\t\t\t\t\t<\/div>\n\t\t\t\t<\/div>\n\t\t\t\t<div class=\"elementor-element elementor-element-98f9b58 elementor-widget elementor-widget-image\" data-id=\"98f9b58\" data-element_type=\"widget\" data-widget_type=\"image.default\">\n\t\t\t\t<div class=\"elementor-widget-container\">\n\t\t\t\t\t\t\t\t\t\t\t\t\t\t\t<img decoding=\"async\" width=\"1024\" height=\"727\" src=\"https:\/\/www.aluengsystems.com\/wp-content\/uploads\/2023\/10\/Sliding-Systems-01.jpg\" class=\"attachment-large size-large wp-image-2783\" alt=\"\" loading=\"lazy\" srcset=\"https:\/\/www.aluengsystems.com\/wp-content\/uploads\/2023\/10\/Sliding-Systems-01.jpg 1024w, https:\/\/www.aluengsystems.com\/wp-content\/uploads\/2023\/10\/Sliding-Systems-01-300x213.jpg 300w, https:\/\/www.aluengsystems.com\/wp-content\/uploads\/2023\/10\/Sliding-Systems-01-768x545.jpg 768w\" sizes=\"(max-width: 1024px) 100vw, 1024px\" \/>\t\t\t\t\t\t\t\t\t\t\t\t\t\t\t<\/div>\n\t\t\t\t<\/div>\n\t\t\t\t\t<\/div>\n\t\t<\/div>\n\t\t\t\t\t\t\t<\/div>\n\t\t<\/section>\n\t\t\t\t<section class=\"elementor-section elementor-top-section elementor-element elementor-element-20929a9c elementor-section-boxed elementor-section-height-default elementor-section-height-default\" data-id=\"20929a9c\" data-element_type=\"section\" data-settings=\"{&quot;background_background&quot;:&quot;classic&quot;}\">\n\t\t\t\t\t\t<div class=\"elementor-container elementor-column-gap-default\">\n\t\t\t\t\t<div class=\"elementor-column elementor-col-100 elementor-top-column elementor-element elementor-element-6e1d8108\" data-id=\"6e1d8108\" data-element_type=\"column\" data-settings=\"{&quot;background_background&quot;:&quot;classic&quot;}\">\n\t\t\t<div class=\"elementor-widget-wrap elementor-element-populated\">\n\t\t\t\t\t\t\t\t<section class=\"elementor-section elementor-inner-section elementor-element elementor-element-9df0a94 elementor-section-content-middle elementor-section-boxed elementor-section-height-default elementor-section-height-default\" data-id=\"9df0a94\" data-element_type=\"section\">\n\t\t\t\t\t\t<div class=\"elementor-container elementor-column-gap-default\">\n\t\t\t\t\t<div class=\"elementor-column elementor-col-50 elementor-inner-column elementor-element elementor-element-58c40e49\" data-id=\"58c40e49\" data-element_type=\"column\">\n\t\t\t<div class=\"elementor-widget-wrap elementor-element-populated\">\n\t\t\t\t\t\t\t\t<div class=\"elementor-element elementor-element-45262d13 elementor-widget elementor-widget-heading\" data-id=\"45262d13\" data-element_type=\"widget\" data-widget_type=\"heading.default\">\n\t\t\t\t<div class=\"elementor-widget-container\">\n\t\t\t<h3 class=\"elementor-heading-title elementor-size-default\">Projenizde bizimle \u00e7al\u0131\u015fmak ister misiniz?<\/h3>\t\t<\/div>\n\t\t\t\t<\/div>\n\t\t\t\t<div class=\"elementor-element elementor-element-7133e190 elementor-widget elementor-widget-text-editor\" data-id=\"7133e190\" data-element_type=\"widget\" data-widget_type=\"text-editor.default\">\n\t\t\t\t<div class=\"elementor-widget-container\">\n\t\t\t\t\t\t\t<p>Proje detaylar\u0131n\u0131z\u0131 g\u00f6r\u00fc\u015fmek ve i\u015fbirli\u011fi yapmak i\u00e7in hemen bizi aray\u0131n!<\/p>\t\t\t\t\t\t<\/div>\n\t\t\t\t<\/div>\n\t\t\t\t\t<\/div>\n\t\t<\/div>\n\t\t\t\t<div class=\"elementor-column elementor-col-50 elementor-inner-column elementor-element elementor-element-1604979e\" data-id=\"1604979e\" data-element_type=\"column\">\n\t\t\t<div class=\"elementor-widget-wrap elementor-element-populated\">\n\t\t\t\t\t\t\t\t<div class=\"elementor-element elementor-element-7ae55b elementor-align-right elementor-tablet-align-center elementor-widget elementor-widget-button\" data-id=\"7ae55b\" data-element_type=\"widget\" data-widget_type=\"button.default\">\n\t\t\t\t<div class=\"elementor-widget-container\">\n\t\t\t\t\t<div class=\"elementor-button-wrapper\">\n\t\t\t<a class=\"elementor-button elementor-button-link elementor-size-sm\" href=\"\/index.php\/contact\/\">\n\t\t\t\t\t\t<span class=\"elementor-button-content-wrapper\">\n\t\t\t\t\t\t<span class=\"elementor-button-text\">Bize Ula\u015f\u0131n<\/span>\n\t\t<\/span>\n\t\t\t\t\t<\/a>\n\t\t<\/div>\n\t\t\t\t<\/div>\n\t\t\t\t<\/div>\n\t\t\t\t\t<\/div>\n\t\t<\/div>\n\t\t\t\t\t\t\t<\/div>\n\t\t<\/section>\n\t\t\t\t\t<\/div>\n\t\t<\/div>\n\t\t\t\t\t\t\t<\/div>\n\t\t<\/section>\n\t\t\t\t\t\t\t<\/div>\n\t\t","protected":false},"excerpt":{"rendered":"<p>Al\u00fcminyum S\u00fcrme Sistemler Al\u00fcminyum S\u00fcrme Sistemler Al\u00fcminyum s\u00fcrme sistemler, modern ya\u015fam\u0131n vazge\u00e7ilmez bir par\u00e7as\u0131 haline gelmi\u015ftir ve bir\u00e7ok farkl\u0131 alanda kullan\u0131lmaktad\u0131r. Bu sistemler, hem estetik hem de i\u015flevsellik a\u00e7\u0131s\u0131ndan b\u00fcy\u00fck avantajlar sunarlar. Al\u00fcminyum S\u00fcrme Sistemleri Nedir? Al\u00fcminyum s\u00fcrme sistemleri, genellikle cam panellerin veya kap\u0131lar\u0131n yan yana kayd\u0131r\u0131lmas\u0131n\u0131 sa\u011flayan bir yap\u0131d\u0131r. Bu sistemler, pencere, kap\u0131 veya &hellip;<\/p>\n<p class=\"read-more\"> <a class=\"\" href=\"https:\/\/www.aluengsystems.com\/index.php\/aluminyum-surme-sistemler\/\"> <span class=\"screen-reader-text\">Al\u00fcminyum S\u00fcrme Sistemler<\/span> Read More &raquo;<\/a><\/p>\n","protected":false},"author":1,"featured_media":0,"parent":0,"menu_order":0,"comment_status":"closed","ping_status":"closed","template":"","meta":{"site-sidebar-layout":"no-sidebar","site-content-layout":"page-builder","ast-global-header-display":"","ast-banner-title-visibility":"","ast-main-header-display":"","ast-hfb-above-header-display":"","ast-hfb-below-header-display":"","ast-hfb-mobile-header-display":"","site-post-title":"disabled","ast-breadcrumbs-content":"","ast-featured-img":"disabled","footer-sml-layout":"","theme-transparent-header-meta":"","adv-header-id-meta":"","stick-header-meta":"","header-above-stick-meta":"","header-main-stick-meta":"","header-below-stick-meta":""},"_links":{"self":[{"href":"https:\/\/www.aluengsystems.com\/index.php\/wp-json\/wp\/v2\/pages\/2008"}],"collection":[{"href":"https:\/\/www.aluengsystems.com\/index.php\/wp-json\/wp\/v2\/pages"}],"about":[{"href":"https:\/\/www.aluengsystems.com\/index.php\/wp-json\/wp\/v2\/types\/page"}],"author":[{"embeddable":true,"href":"https:\/\/www.aluengsystems.com\/index.php\/wp-json\/wp\/v2\/users\/1"}],"replies":[{"embeddable":true,"href":"https:\/\/www.aluengsystems.com\/index.php\/wp-json\/wp\/v2\/comments?post=2008"}],"version-history":[{"count":16,"href":"https:\/\/www.aluengsystems.com\/index.php\/wp-json\/wp\/v2\/pages\/2008\/revisions"}],"predecessor-version":[{"id":2885,"href":"https:\/\/www.aluengsystems.com\/index.php\/wp-json\/wp\/v2\/pages\/2008\/revisions\/2885"}],"wp:attachment":[{"href":"https:\/\/www.aluengsystems.com\/index.php\/wp-json\/wp\/v2\/media?parent=2008"}],"curies":[{"name":"wp","href":"https:\/\/api.w.org\/{rel}","templated":true}]}}