{"id":2011,"date":"2023-06-04T19:02:15","date_gmt":"2023-06-04T19:02:15","guid":{"rendered":"https:\/\/aluengsystems.com\/?page_id=2011"},"modified":"2023-10-15T11:19:09","modified_gmt":"2023-10-15T11:19:09","slug":"aluminyum-tamamlayici-urunler","status":"publish","type":"page","link":"https:\/\/www.aluengsystems.com\/index.php\/aluminyum-tamamlayici-urunler\/","title":{"rendered":"Al\u00fcminyum Tamamlay\u0131c\u0131 \u00dcr\u00fcnler"},"content":{"rendered":"\t\t<div data-elementor-type=\"wp-page\" data-elementor-id=\"2011\" class=\"elementor elementor-2011\">\n\t\t\t\t\t\t\t\t\t<section class=\"elementor-section elementor-top-section elementor-element elementor-element-2174379a elementor-section-stretched elementor-section-height-min-height elementor-section-boxed elementor-section-height-default elementor-section-items-middle elementor-invisible\" data-id=\"2174379a\" data-element_type=\"section\" data-settings=\"{&quot;background_background&quot;:&quot;classic&quot;,&quot;stretch_section&quot;:&quot;section-stretched&quot;,&quot;animation&quot;:&quot;fadeIn&quot;}\">\n\t\t\t\t\t\t\t<div class=\"elementor-background-overlay\"><\/div>\n\t\t\t\t\t\t\t<div class=\"elementor-container elementor-column-gap-no\">\n\t\t\t\t\t<div class=\"elementor-column elementor-col-100 elementor-top-column elementor-element elementor-element-f768f71\" data-id=\"f768f71\" data-element_type=\"column\">\n\t\t\t<div class=\"elementor-widget-wrap elementor-element-populated\">\n\t\t\t\t\t\t\t\t<div class=\"elementor-element elementor-element-508cd054 elementor-widget elementor-widget-heading\" data-id=\"508cd054\" data-element_type=\"widget\" data-widget_type=\"heading.default\">\n\t\t\t\t<div class=\"elementor-widget-container\">\n\t\t\t<style>\/*! elementor - v3.15.0 - 09-08-2023 *\/\n.elementor-heading-title{padding:0;margin:0;line-height:1}.elementor-widget-heading .elementor-heading-title[class*=elementor-size-]>a{color:inherit;font-size:inherit;line-height:inherit}.elementor-widget-heading .elementor-heading-title.elementor-size-small{font-size:15px}.elementor-widget-heading .elementor-heading-title.elementor-size-medium{font-size:19px}.elementor-widget-heading .elementor-heading-title.elementor-size-large{font-size:29px}.elementor-widget-heading .elementor-heading-title.elementor-size-xl{font-size:39px}.elementor-widget-heading .elementor-heading-title.elementor-size-xxl{font-size:59px}<\/style><h2 class=\"elementor-heading-title elementor-size-default\">Al\u00fcminyum Tamamlay\u0131c\u0131 \u00dcr\u00fcnler<\/h2>\t\t<\/div>\n\t\t\t\t<\/div>\n\t\t\t\t\t<\/div>\n\t\t<\/div>\n\t\t\t\t\t\t\t<\/div>\n\t\t<\/section>\n\t\t\t\t<section class=\"elementor-section elementor-top-section elementor-element elementor-element-7ea9b421 elementor-section-boxed elementor-section-height-default elementor-section-height-default\" data-id=\"7ea9b421\" data-element_type=\"section\" data-settings=\"{&quot;background_background&quot;:&quot;gradient&quot;}\">\n\t\t\t\t\t\t<div class=\"elementor-container elementor-column-gap-default\">\n\t\t\t\t\t<div class=\"elementor-column elementor-col-66 elementor-top-column elementor-element elementor-element-1a6ff0f8\" data-id=\"1a6ff0f8\" data-element_type=\"column\">\n\t\t\t<div class=\"elementor-widget-wrap elementor-element-populated\">\n\t\t\t\t\t\t\t\t<div class=\"elementor-element elementor-element-2a1e60be elementor-widget elementor-widget-heading\" data-id=\"2a1e60be\" data-element_type=\"widget\" data-widget_type=\"heading.default\">\n\t\t\t\t<div class=\"elementor-widget-container\">\n\t\t\t<h3 class=\"elementor-heading-title elementor-size-default\">Al\u00fcminyum Tamamlay\u0131c\u0131 \u00dcr\u00fcnler<\/h3>\t\t<\/div>\n\t\t\t\t<\/div>\n\t\t\t\t<div class=\"elementor-element elementor-element-65d39a98 elementor-widget elementor-widget-text-editor\" data-id=\"65d39a98\" data-element_type=\"widget\" data-widget_type=\"text-editor.default\">\n\t\t\t\t<div class=\"elementor-widget-container\">\n\t\t\t<style>\/*! elementor - v3.15.0 - 09-08-2023 *\/\n.elementor-widget-text-editor.elementor-drop-cap-view-stacked .elementor-drop-cap{background-color:#69727d;color:#fff}.elementor-widget-text-editor.elementor-drop-cap-view-framed .elementor-drop-cap{color:#69727d;border:3px solid;background-color:transparent}.elementor-widget-text-editor:not(.elementor-drop-cap-view-default) .elementor-drop-cap{margin-top:8px}.elementor-widget-text-editor:not(.elementor-drop-cap-view-default) .elementor-drop-cap-letter{width:1em;height:1em}.elementor-widget-text-editor .elementor-drop-cap{float:left;text-align:center;line-height:1;font-size:50px}.elementor-widget-text-editor .elementor-drop-cap-letter{display:inline-block}<\/style>\t\t\t\t<p>Al\u00fcminyum tamamlay\u0131c\u0131 \u00fcr\u00fcnler, al\u00fcminyum yap\u0131n\u0131n montaj\u0131, bak\u0131m\u0131 veya estetik olarak tamamlanmas\u0131 i\u00e7in kullan\u0131lan \u00e7e\u015fitli \u00fcr\u00fcnleri i\u00e7erir.<\/p>\t\t\t\t\t\t<\/div>\n\t\t\t\t<\/div>\n\t\t\t\t<div class=\"elementor-element elementor-element-dee2c5 elementor-widget elementor-widget-text-editor\" data-id=\"dee2c5\" data-element_type=\"widget\" data-widget_type=\"text-editor.default\">\n\t\t\t\t<div class=\"elementor-widget-container\">\n\t\t\t\t\t\t\t<h6><ul><li><strong>Rolling Roof Sistemleri<\/strong><\/li><\/ul><ul><li><strong>K\u0131\u015f Bah\u00e7eleri<\/strong><\/li><\/ul><ul><li><strong>Skylight Sistemleri<\/strong><\/li><\/ul><ul><li><strong>\u00c7elik Konstr\u00fcksiyon Sistemler<\/strong><\/li><\/ul><ul><li><strong>Kur\u015fun Dayan\u0131ml\u0131 Cephe Sistemleri<\/strong><\/li><\/ul><ul><li><strong>Giyotin Cam Sistemleri<\/strong><\/li><\/ul><ul><li><strong>Katlan\u0131r Cam Balkon Sistemleri<\/strong><\/li><\/ul><ul><li><strong>G\u00fcne\u015f K\u0131r\u0131c\u0131 Sistemler<\/strong><\/li><\/ul><ul><li><strong>Havaland\u0131rma Menfez Sistemleri<\/strong><\/li><\/ul><ul><li><strong>Manuel\/Otomatik D\u00f6ner Kap\u0131lar<\/strong><\/li><\/ul><ul><li><strong>Seksyonel Garaj Kap\u0131lar\u0131<\/strong><\/li><\/ul><ul><li><strong>Otomatik Kepenk Sistemleri<\/strong><\/li><\/ul><ul><li><strong>&nbsp;Otomatik Panjur Sistemleri<\/strong><\/li><\/ul><ul><li><strong>Fotosel Kap\u0131 Sistemleri<\/strong><\/li><\/ul><ul><li><strong>Terracotta Cephe Kaplamalar\u0131<\/strong><\/li><\/ul><\/h6>\t\t\t\t\t\t<\/div>\n\t\t\t\t<\/div>\n\t\t\t\t\t<\/div>\n\t\t<\/div>\n\t\t\t\t<div class=\"elementor-column elementor-col-33 elementor-top-column elementor-element elementor-element-564af8c2\" data-id=\"564af8c2\" data-element_type=\"column\">\n\t\t\t<div class=\"elementor-widget-wrap elementor-element-populated\">\n\t\t\t\t\t\t\t\t<div class=\"elementor-element elementor-element-52cd8b06 elementor-widget elementor-widget-image\" data-id=\"52cd8b06\" data-element_type=\"widget\" data-widget_type=\"image.default\">\n\t\t\t\t<div class=\"elementor-widget-container\">\n\t\t\t<style>\/*! elementor - v3.15.0 - 09-08-2023 *\/\n.elementor-widget-image{text-align:center}.elementor-widget-image a{display:inline-block}.elementor-widget-image a img[src$=\".svg\"]{width:48px}.elementor-widget-image img{vertical-align:middle;display:inline-block}<\/style>\t\t\t\t\t\t\t\t\t\t\t\t<img decoding=\"async\" width=\"950\" height=\"633\" src=\"https:\/\/www.aluengsystems.com\/wp-content\/uploads\/2023\/10\/15-2.webp\" class=\"attachment-large size-large wp-image-2943\" alt=\"\" loading=\"lazy\" srcset=\"https:\/\/www.aluengsystems.com\/wp-content\/uploads\/2023\/10\/15-2.webp 950w, https:\/\/www.aluengsystems.com\/wp-content\/uploads\/2023\/10\/15-2-300x200.webp 300w, https:\/\/www.aluengsystems.com\/wp-content\/uploads\/2023\/10\/15-2-768x512.webp 768w\" sizes=\"(max-width: 950px) 100vw, 950px\" \/>\t\t\t\t\t\t\t\t\t\t\t\t\t\t\t<\/div>\n\t\t\t\t<\/div>\n\t\t\t\t<div class=\"elementor-element elementor-element-6e813a58 elementor-widget elementor-widget-image\" data-id=\"6e813a58\" data-element_type=\"widget\" data-widget_type=\"image.default\">\n\t\t\t\t<div class=\"elementor-widget-container\">\n\t\t\t\t\t\t\t\t\t\t\t\t\t\t\t<img decoding=\"async\" width=\"1024\" height=\"768\" src=\"https:\/\/www.aluengsystems.com\/wp-content\/uploads\/2023\/10\/6-1-1024x768.jpg\" class=\"attachment-large size-large wp-image-2915\" alt=\"\" loading=\"lazy\" srcset=\"https:\/\/www.aluengsystems.com\/wp-content\/uploads\/2023\/10\/6-1-1024x768.jpg 1024w, https:\/\/www.aluengsystems.com\/wp-content\/uploads\/2023\/10\/6-1-300x225.jpg 300w, https:\/\/www.aluengsystems.com\/wp-content\/uploads\/2023\/10\/6-1-768x576.jpg 768w, https:\/\/www.aluengsystems.com\/wp-content\/uploads\/2023\/10\/6-1.jpg 1500w\" sizes=\"(max-width: 1024px) 100vw, 1024px\" \/>\t\t\t\t\t\t\t\t\t\t\t\t\t\t\t<\/div>\n\t\t\t\t<\/div>\n\t\t\t\t<div class=\"elementor-element elementor-element-15e34722 elementor-widget elementor-widget-image\" data-id=\"15e34722\" data-element_type=\"widget\" data-widget_type=\"image.default\">\n\t\t\t\t<div class=\"elementor-widget-container\">\n\t\t\t\t\t\t\t\t\t\t\t\t\t\t\t<img decoding=\"async\" width=\"950\" height=\"634\" src=\"https:\/\/www.aluengsystems.com\/wp-content\/uploads\/2023\/10\/15-4.webp\" class=\"attachment-large size-large wp-image-2946\" alt=\"\" loading=\"lazy\" srcset=\"https:\/\/www.aluengsystems.com\/wp-content\/uploads\/2023\/10\/15-4.webp 950w, https:\/\/www.aluengsystems.com\/wp-content\/uploads\/2023\/10\/15-4-300x200.webp 300w, https:\/\/www.aluengsystems.com\/wp-content\/uploads\/2023\/10\/15-4-768x513.webp 768w\" sizes=\"(max-width: 950px) 100vw, 950px\" \/>\t\t\t\t\t\t\t\t\t\t\t\t\t\t\t<\/div>\n\t\t\t\t<\/div>\n\t\t\t\t\t<\/div>\n\t\t<\/div>\n\t\t\t\t\t\t\t<\/div>\n\t\t<\/section>\n\t\t\t\t<section class=\"elementor-section elementor-top-section elementor-element elementor-element-25ed0b01 elementor-section-boxed elementor-section-height-default elementor-section-height-default\" data-id=\"25ed0b01\" data-element_type=\"section\" data-settings=\"{&quot;background_background&quot;:&quot;classic&quot;}\">\n\t\t\t\t\t\t<div class=\"elementor-container elementor-column-gap-default\">\n\t\t\t\t\t<div class=\"elementor-column elementor-col-100 elementor-top-column elementor-element elementor-element-7c584f36\" data-id=\"7c584f36\" data-element_type=\"column\" data-settings=\"{&quot;background_background&quot;:&quot;classic&quot;}\">\n\t\t\t<div class=\"elementor-widget-wrap elementor-element-populated\">\n\t\t\t\t\t\t\t\t<section class=\"elementor-section elementor-inner-section elementor-element elementor-element-15e71022 elementor-section-content-middle elementor-section-boxed elementor-section-height-default elementor-section-height-default\" data-id=\"15e71022\" data-element_type=\"section\">\n\t\t\t\t\t\t<div class=\"elementor-container elementor-column-gap-default\">\n\t\t\t\t\t<div class=\"elementor-column elementor-col-50 elementor-inner-column elementor-element elementor-element-2241d4b5\" data-id=\"2241d4b5\" data-element_type=\"column\">\n\t\t\t<div class=\"elementor-widget-wrap elementor-element-populated\">\n\t\t\t\t\t\t\t\t<div class=\"elementor-element elementor-element-62deeadd elementor-widget elementor-widget-heading\" data-id=\"62deeadd\" data-element_type=\"widget\" data-widget_type=\"heading.default\">\n\t\t\t\t<div class=\"elementor-widget-container\">\n\t\t\t<h3 class=\"elementor-heading-title elementor-size-default\">Projenizde bizimle \u00e7al\u0131\u015fmak ister misiniz?<\/h3>\t\t<\/div>\n\t\t\t\t<\/div>\n\t\t\t\t<div class=\"elementor-element elementor-element-57164200 elementor-widget elementor-widget-text-editor\" data-id=\"57164200\" data-element_type=\"widget\" data-widget_type=\"text-editor.default\">\n\t\t\t\t<div class=\"elementor-widget-container\">\n\t\t\t\t\t\t\t<p>Proje detaylar\u0131n\u0131z\u0131 g\u00f6r\u00fc\u015fmek ve i\u015fbirli\u011fi yapmak i\u00e7in hemen bizi aray\u0131n!<\/p>\t\t\t\t\t\t<\/div>\n\t\t\t\t<\/div>\n\t\t\t\t\t<\/div>\n\t\t<\/div>\n\t\t\t\t<div class=\"elementor-column elementor-col-50 elementor-inner-column elementor-element elementor-element-61ee664c\" data-id=\"61ee664c\" data-element_type=\"column\">\n\t\t\t<div class=\"elementor-widget-wrap elementor-element-populated\">\n\t\t\t\t\t\t\t\t<div class=\"elementor-element elementor-element-aaf03d8 elementor-align-right elementor-tablet-align-center elementor-widget elementor-widget-button\" data-id=\"aaf03d8\" data-element_type=\"widget\" data-widget_type=\"button.default\">\n\t\t\t\t<div class=\"elementor-widget-container\">\n\t\t\t\t\t<div class=\"elementor-button-wrapper\">\n\t\t\t<a class=\"elementor-button elementor-button-link elementor-size-sm\" href=\"\/index.php\/contact\/\">\n\t\t\t\t\t\t<span class=\"elementor-button-content-wrapper\">\n\t\t\t\t\t\t<span class=\"elementor-button-text\">Bize Ula\u015f\u0131n<\/span>\n\t\t<\/span>\n\t\t\t\t\t<\/a>\n\t\t<\/div>\n\t\t\t\t<\/div>\n\t\t\t\t<\/div>\n\t\t\t\t\t<\/div>\n\t\t<\/div>\n\t\t\t\t\t\t\t<\/div>\n\t\t<\/section>\n\t\t\t\t\t<\/div>\n\t\t<\/div>\n\t\t\t\t\t\t\t<\/div>\n\t\t<\/section>\n\t\t\t\t\t\t\t<\/div>\n\t\t","protected":false},"excerpt":{"rendered":"<p>Al\u00fcminyum Tamamlay\u0131c\u0131 \u00dcr\u00fcnler Al\u00fcminyum Tamamlay\u0131c\u0131 \u00dcr\u00fcnler Al\u00fcminyum tamamlay\u0131c\u0131 \u00fcr\u00fcnler, al\u00fcminyum yap\u0131n\u0131n montaj\u0131, bak\u0131m\u0131 veya estetik olarak tamamlanmas\u0131 i\u00e7in kullan\u0131lan \u00e7e\u015fitli \u00fcr\u00fcnleri i\u00e7erir. Rolling Roof Sistemleri K\u0131\u015f Bah\u00e7eleri Skylight Sistemleri \u00c7elik Konstr\u00fcksiyon Sistemler Kur\u015fun Dayan\u0131ml\u0131 Cephe Sistemleri Giyotin Cam Sistemleri Katlan\u0131r Cam Balkon Sistemleri G\u00fcne\u015f K\u0131r\u0131c\u0131 Sistemler Havaland\u0131rma Menfez Sistemleri Manuel\/Otomatik D\u00f6ner Kap\u0131lar Seksyonel Garaj Kap\u0131lar\u0131 &hellip;<\/p>\n<p class=\"read-more\"> <a class=\"\" href=\"https:\/\/www.aluengsystems.com\/index.php\/aluminyum-tamamlayici-urunler\/\"> <span class=\"screen-reader-text\">Al\u00fcminyum Tamamlay\u0131c\u0131 \u00dcr\u00fcnler<\/span> Read More &raquo;<\/a><\/p>\n","protected":false},"author":1,"featured_media":0,"parent":0,"menu_order":0,"comment_status":"closed","ping_status":"closed","template":"","meta":{"site-sidebar-layout":"no-sidebar","site-content-layout":"page-builder","ast-global-header-display":"","ast-banner-title-visibility":"","ast-main-header-display":"","ast-hfb-above-header-display":"","ast-hfb-below-header-display":"","ast-hfb-mobile-header-display":"","site-post-title":"disabled","ast-breadcrumbs-content":"","ast-featured-img":"disabled","footer-sml-layout":"","theme-transparent-header-meta":"","adv-header-id-meta":"","stick-header-meta":"","header-above-stick-meta":"","header-main-stick-meta":"","header-below-stick-meta":""},"_links":{"self":[{"href":"https:\/\/www.aluengsystems.com\/index.php\/wp-json\/wp\/v2\/pages\/2011"}],"collection":[{"href":"https:\/\/www.aluengsystems.com\/index.php\/wp-json\/wp\/v2\/pages"}],"about":[{"href":"https:\/\/www.aluengsystems.com\/index.php\/wp-json\/wp\/v2\/types\/page"}],"author":[{"embeddable":true,"href":"https:\/\/www.aluengsystems.com\/index.php\/wp-json\/wp\/v2\/users\/1"}],"replies":[{"embeddable":true,"href":"https:\/\/www.aluengsystems.com\/index.php\/wp-json\/wp\/v2\/comments?post=2011"}],"version-history":[{"count":28,"href":"https:\/\/www.aluengsystems.com\/index.php\/wp-json\/wp\/v2\/pages\/2011\/revisions"}],"predecessor-version":[{"id":2949,"href":"https:\/\/www.aluengsystems.com\/index.php\/wp-json\/wp\/v2\/pages\/2011\/revisions\/2949"}],"wp:attachment":[{"href":"https:\/\/www.aluengsystems.com\/index.php\/wp-json\/wp\/v2\/media?parent=2011"}],"curies":[{"name":"wp","href":"https:\/\/api.w.org\/{rel}","templated":true}]}}