{"id":2129,"date":"2023-06-22T21:56:46","date_gmt":"2023-06-22T21:56:46","guid":{"rendered":"https:\/\/www.aluengsystems.com\/?page_id=2129"},"modified":"2023-06-24T12:21:40","modified_gmt":"2023-06-24T12:21:40","slug":"under-design","status":"publish","type":"page","link":"https:\/\/www.aluengsystems.com\/index.php\/under-design\/","title":{"rendered":"Tasar\u0131m a\u015famas\u0131ndad\u0131r."},"content":{"rendered":"<div id=\"sp-page\" class=\"spBgcover sp-content-5\" style=\"background-color: rgb(255, 255, 255); background-image: url('https:\/\/assets.seedprod.com\/1825-OapgMHZqXBkiTdJC.jpg'); font-family: Roboto, sans-serif; font-weight: 400;\">\n<section id=\"sp-ks8a8s\" data-mobile-visibility=\"#sp-ks8a8s|false\" data-desktop-visibility=\"#sp-ks8a8s|false\" class=\"sp-el-section \" style=\"width: 490px; max-width: 100%; padding: 10px 10px 10px 80px; border-radius: 10px;\">\n<pre data-mobile-css=\"\"><\/pre>\n<div id=\"sp-vw3kvy\" data-mobile-visibility=\"#sp-vw3kvy|false\" data-desktop-visibility=\"#sp-vw3kvy|false\" class=\"sp-el-row sm:sp-flex sp-w-full  sp-m-auto sp-justify-between\" style=\"padding: 0px; width: auto; max-width: 1000px;\">\n<pre data-mobile-css=\"\"><\/pre>\n<div id=\"sp-ovbx1s\" data-mobile-visibility=\"#sp-ovbx1s|false\" data-desktop-visibility=\"#sp-ovbx1s|false\" class=\"sp-el-col  sp-w-full\" style=\"width: calc(100% - 0px);\">\n<pre data-mobile-css=\"\"><\/pre>\n<style type=\"text\/css\">\n        #sp-ovbx1s .sp-col-top .seedprod-shape-fill {fill: undefined;} #sp-ovbx1s .sp-col-top svg {width: undefined%;height: undefinedpx;transform: translateX(-50%);} #sp-ovbx1s .sp-col-bottom .seedprod-shape-fill {fill: undefined;} #sp-ovbx1s .sp-col-bottom svg {width: undefined%;height: undefinedpx;transform: translateX(-50%);}\n      <\/style>\n<div class=\"sp-col-shape sp-col-top\" style=\"z-index: 0;\">\n<div><\/div>\n<\/div>\n<div class=\"sp-col-shape sp-col-bottom\" style=\"z-index: 0;\">\n<div><\/div>\n<\/div>\n<div id=\"sp-niijfv\" data-mobile-css=\"#sp-niijfv|height:60px;\" class=\"sp-spacer\" style=\"height: 12px;\"><\/div>\n<figure id=\"sp-xp7nhn\" data-mobile-css=\"#sp-xp7nhn|text-align:center;\" class=\"sp-image-wrapper sp-el-block\" style=\"margin: 0px; text-align: left;\">\n<div><span><img decoding=\"async\" loading=\"lazy\" src=\"https:\/\/www.aluengsystems.com\/wp-content\/uploads\/2023\/06\/logo_white.png\" alt=\"\" width=\"539\" height=\"153\" data-mobile-visibility=\".sp-image-block-xp7nhn|false\" data-desktop-visibility=\".sp-image-block-xp7nhn|false\" srcset=\" https:\/\/www.aluengsystems.com\/wp-content\/uploads\/2023\/06\/logo_white-150x150.png 150w, https:\/\/www.aluengsystems.com\/wp-content\/uploads\/2023\/06\/logo_white-300x85.png 300w, https:\/\/www.aluengsystems.com\/wp-content\/uploads\/2023\/06\/logo_white.png 539w\" class=\"sp-image-block-xp7nhn\" style=\"width: 200px;\"><\/span><\/div>\n<\/figure>\n<div id=\"sp-jknss8\" data-mobile-css=\"#sp-jknss8|height:60px;\" class=\"sp-spacer\" style=\"height: 39px;\"><\/div>\n<h1 id=\"sp-y0sc75\" data-mobile-css=\".sp-headline-block-y0sc75, #sp-y0sc75, #y0sc75|text-align:center;\" data-mobile-visibility=\".sp-headline-block-y0sc75|false\" data-desktop-visibility=\".sp-headline-block-y0sc75|false\" class=\"sp-css-target sp-el-block sp-headline-block-y0sc75 sp-type-header\" style=\"font-size: 40px; text-align: left; margin: 0px;\">Sayfam\u0131z<br \/>Tasar\u0131m<br \/>A\u015famas\u0131ndad\u0131r!<\/h1>\n<div id=\"p7ef8k\" data-mobile-css=\".sp-text-wrapper-p7ef8k, #sp-p7ef8k, #p7ef8k|text-align:center;\" data-mobile-visibility=\".sp-text-wrapper-p7ef8k|false\" data-desktop-visibility=\".sp-text-wrapper-p7ef8k|false\" class=\"sp-css-target sp-text-wrapper sp-el-block sp-text-wrapper-p7ef8k mce-content-body html4-captions\"  style=\"font-size: 18px; margin: 0px; text-align: left; position: relative;\" >\n<p>Web sitemizin tasar\u0131m \u00e7al\u0131\u015fmas\u0131 devam etmektedir.<\/p>\n<\/div>\n<div id=\"sp-d4et4f\" data-mobile-css=\"#sp-d4et4f|height:60px;\" class=\"sp-spacer\" style=\"height: 60px;\"><\/div>\n<div id=\"sp-button-parent-q09cvl\" data-mobile-css=\"#sp-button-parent-q09cvl|text-align:center;\" class=\"sp-button-wrapper sp-el-block\" style=\"margin: 0px; text-align: left;\"><a href=\"\/index.php\/contact\/\" id=\"sp-q09cvl\" data-mobile-css=\"\" data-mobile-visibility=\".sp-button-q09cvl|false\" data-desktop-visibility=\".sp-button-q09cvl|false\" target=\"\" rel=\"noopener\" class=\"sp-button sp-css-target sp-text-center sp-inline-block sp-leading-none sp-button-q09cvl\" style=\"font-size: 18px; font-weight: 400; font-style: normal; background: transparent; color: rgb(255, 255, 255); width: auto; padding: 12px 16px; border-radius: 4px; border: 1px solid rgb(255, 255, 255);\"><span style=\"font-family: Roboto;\">Bize Ula\u015f\u0131n<\/span><\/a><\/div>\n<div id=\"sp-qkrns1\" data-mobile-css=\"#sp-qkrns1|height:60px;\" class=\"sp-spacer\" style=\"height: 12px;\"><\/div>\n<\/div>\n<\/div>\n<\/section>\n<\/div>\n","protected":false},"excerpt":{"rendered":"<p>Sayfam\u0131zTasar\u0131mA\u015famas\u0131ndad\u0131r! Web sitemizin tasar\u0131m \u00e7al\u0131\u015fmas\u0131 devam etmektedir. Bize Ula\u015f\u0131n<\/p>\n","protected":false},"author":1,"featured_media":0,"parent":0,"menu_order":0,"comment_status":"closed","ping_status":"closed","template":"","meta":{"site-sidebar-layout":"default","site-content-layout":"default","ast-global-header-display":"","ast-banner-title-visibility":"","ast-main-header-display":"","ast-hfb-above-header-display":"","ast-hfb-below-header-display":"","ast-hfb-mobile-header-display":"","site-post-title":"","ast-breadcrumbs-content":"","ast-featured-img":"","footer-sml-layout":"","theme-transparent-header-meta":"","adv-header-id-meta":"","stick-header-meta":"","header-above-stick-meta":"","header-main-stick-meta":"","header-below-stick-meta":""},"_links":{"self":[{"href":"https:\/\/www.aluengsystems.com\/index.php\/wp-json\/wp\/v2\/pages\/2129"}],"collection":[{"href":"https:\/\/www.aluengsystems.com\/index.php\/wp-json\/wp\/v2\/pages"}],"about":[{"href":"https:\/\/www.aluengsystems.com\/index.php\/wp-json\/wp\/v2\/types\/page"}],"author":[{"embeddable":true,"href":"https:\/\/www.aluengsystems.com\/index.php\/wp-json\/wp\/v2\/users\/1"}],"replies":[{"embeddable":true,"href":"https:\/\/www.aluengsystems.com\/index.php\/wp-json\/wp\/v2\/comments?post=2129"}],"version-history":[{"count":24,"href":"https:\/\/www.aluengsystems.com\/index.php\/wp-json\/wp\/v2\/pages\/2129\/revisions"}],"predecessor-version":[{"id":2522,"href":"https:\/\/www.aluengsystems.com\/index.php\/wp-json\/wp\/v2\/pages\/2129\/revisions\/2522"}],"wp:attachment":[{"href":"https:\/\/www.aluengsystems.com\/index.php\/wp-json\/wp\/v2\/media?parent=2129"}],"curies":[{"name":"wp","href":"https:\/\/api.w.org\/{rel}","templated":true}]}}