{"id":2678,"date":"2023-09-06T09:06:12","date_gmt":"2023-09-06T09:06:12","guid":{"rendered":"https:\/\/www.aluengsystems.com\/?page_id=2678"},"modified":"2023-10-08T18:33:01","modified_gmt":"2023-10-08T18:33:01","slug":"ofis-bolme-sistemleri","status":"publish","type":"page","link":"https:\/\/www.aluengsystems.com\/index.php\/ofis-bolme-sistemleri\/","title":{"rendered":"Ofis B\u00f6lme Sistemleri"},"content":{"rendered":"\t\t<div data-elementor-type=\"wp-page\" data-elementor-id=\"2678\" class=\"elementor elementor-2678\">\n\t\t\t\t\t\t\t\t\t<section class=\"elementor-section elementor-top-section elementor-element elementor-element-87ccd73 elementor-section-stretched elementor-section-height-min-height elementor-section-boxed elementor-section-height-default elementor-section-items-middle elementor-invisible\" data-id=\"87ccd73\" data-element_type=\"section\" data-settings=\"{&quot;background_background&quot;:&quot;classic&quot;,&quot;stretch_section&quot;:&quot;section-stretched&quot;,&quot;animation&quot;:&quot;fadeIn&quot;}\">\n\t\t\t\t\t\t\t<div class=\"elementor-background-overlay\"><\/div>\n\t\t\t\t\t\t\t<div class=\"elementor-container elementor-column-gap-no\">\n\t\t\t\t\t<div class=\"elementor-column elementor-col-100 elementor-top-column elementor-element elementor-element-91fb00d\" data-id=\"91fb00d\" data-element_type=\"column\">\n\t\t\t<div class=\"elementor-widget-wrap elementor-element-populated\">\n\t\t\t\t\t\t\t\t<div class=\"elementor-element elementor-element-31f8efbe elementor-widget elementor-widget-heading\" data-id=\"31f8efbe\" data-element_type=\"widget\" data-widget_type=\"heading.default\">\n\t\t\t\t<div class=\"elementor-widget-container\">\n\t\t\t<style>\/*! elementor - v3.15.0 - 09-08-2023 *\/\n.elementor-heading-title{padding:0;margin:0;line-height:1}.elementor-widget-heading .elementor-heading-title[class*=elementor-size-]>a{color:inherit;font-size:inherit;line-height:inherit}.elementor-widget-heading .elementor-heading-title.elementor-size-small{font-size:15px}.elementor-widget-heading .elementor-heading-title.elementor-size-medium{font-size:19px}.elementor-widget-heading .elementor-heading-title.elementor-size-large{font-size:29px}.elementor-widget-heading .elementor-heading-title.elementor-size-xl{font-size:39px}.elementor-widget-heading .elementor-heading-title.elementor-size-xxl{font-size:59px}<\/style><h2 class=\"elementor-heading-title elementor-size-default\">Ofis B\u00f6lme Sistemleri<\/h2>\t\t<\/div>\n\t\t\t\t<\/div>\n\t\t\t\t\t<\/div>\n\t\t<\/div>\n\t\t\t\t\t\t\t<\/div>\n\t\t<\/section>\n\t\t\t\t<section class=\"elementor-section elementor-top-section elementor-element elementor-element-23adcdb1 elementor-section-boxed elementor-section-height-default elementor-section-height-default\" data-id=\"23adcdb1\" data-element_type=\"section\" data-settings=\"{&quot;background_background&quot;:&quot;gradient&quot;}\">\n\t\t\t\t\t\t<div class=\"elementor-container elementor-column-gap-default\">\n\t\t\t\t\t<div class=\"elementor-column elementor-col-66 elementor-top-column elementor-element elementor-element-1448b06a\" data-id=\"1448b06a\" data-element_type=\"column\">\n\t\t\t<div class=\"elementor-widget-wrap elementor-element-populated\">\n\t\t\t\t\t\t\t\t<div class=\"elementor-element elementor-element-7c25eb45 elementor-widget elementor-widget-heading\" data-id=\"7c25eb45\" data-element_type=\"widget\" data-widget_type=\"heading.default\">\n\t\t\t\t<div class=\"elementor-widget-container\">\n\t\t\t<h3 class=\"elementor-heading-title elementor-size-default\">Ofis B\u00f6lme Sistemlerinin Avantajlar\u0131<\/h3>\t\t<\/div>\n\t\t\t\t<\/div>\n\t\t\t\t<div class=\"elementor-element elementor-element-28270e49 elementor-widget elementor-widget-text-editor\" data-id=\"28270e49\" data-element_type=\"widget\" data-widget_type=\"text-editor.default\">\n\t\t\t\t<div class=\"elementor-widget-container\">\n\t\t\t<style>\/*! elementor - v3.15.0 - 09-08-2023 *\/\n.elementor-widget-text-editor.elementor-drop-cap-view-stacked .elementor-drop-cap{background-color:#69727d;color:#fff}.elementor-widget-text-editor.elementor-drop-cap-view-framed .elementor-drop-cap{color:#69727d;border:3px solid;background-color:transparent}.elementor-widget-text-editor:not(.elementor-drop-cap-view-default) .elementor-drop-cap{margin-top:8px}.elementor-widget-text-editor:not(.elementor-drop-cap-view-default) .elementor-drop-cap-letter{width:1em;height:1em}.elementor-widget-text-editor .elementor-drop-cap{float:left;text-align:center;line-height:1;font-size:50px}.elementor-widget-text-editor .elementor-drop-cap-letter{display:inline-block}<\/style>\t\t\t\t<p>Ofisler, i\u015f d\u00fcnyas\u0131n\u0131n merkezindeki \u00f6nemli bir mekand\u0131r ve \u00e7al\u0131\u015fanlar\u0131n verimlili\u011fini art\u0131rmak i\u00e7in uygun d\u00fczenlemelere ihtiya\u00e7 duyar. Al\u00fcminyum ofis b\u00f6lme sistemleri, bu ihtiya\u00e7lar\u0131 kar\u015f\u0131lamak i\u00e7in m\u00fckemmel bir \u00e7\u00f6z\u00fcm sunar ve bir dizi avantaja sahiptir.<\/p>\t\t\t\t\t\t<\/div>\n\t\t\t\t<\/div>\n\t\t\t\t<div class=\"elementor-element elementor-element-8b6e3ca elementor-widget elementor-widget-heading\" data-id=\"8b6e3ca\" data-element_type=\"widget\" data-widget_type=\"heading.default\">\n\t\t\t\t<div class=\"elementor-widget-container\">\n\t\t\t<h5 class=\"elementor-heading-title elementor-size-default\">\u015eeffafl\u0131k ve Estetik<\/h5>\t\t<\/div>\n\t\t\t\t<\/div>\n\t\t\t\t<div class=\"elementor-element elementor-element-11d40431 elementor-widget elementor-widget-text-editor\" data-id=\"11d40431\" data-element_type=\"widget\" data-widget_type=\"text-editor.default\">\n\t\t\t\t<div class=\"elementor-widget-container\">\n\t\t\t\t\t\t\t<p>Bu sistem, \u015feffafl\u0131k ve esteti\u011fi bir araya getirir, b\u00f6ylece \u00e7al\u0131\u015fma ortam\u0131n\u0131za zarafet ve modern bir g\u00f6r\u00fcn\u00fcm kazand\u0131r\u0131r. I\u015f\u0131k dolu, canl\u0131 bir atmosfer yarat\u0131r ve ferah bir \u00e7al\u0131\u015fma ortam\u0131 sa\u011flar.<\/p>\t\t\t\t\t\t<\/div>\n\t\t\t\t<\/div>\n\t\t\t\t<div class=\"elementor-element elementor-element-212ec19e elementor-widget elementor-widget-heading\" data-id=\"212ec19e\" data-element_type=\"widget\" data-widget_type=\"heading.default\">\n\t\t\t\t<div class=\"elementor-widget-container\">\n\t\t\t<h5 class=\"elementor-heading-title elementor-size-default\">H\u0131zl\u0131 Montaj<\/h5>\t\t<\/div>\n\t\t\t\t<\/div>\n\t\t\t\t<div class=\"elementor-element elementor-element-7e9daf60 elementor-widget elementor-widget-text-editor\" data-id=\"7e9daf60\" data-element_type=\"widget\" data-widget_type=\"text-editor.default\">\n\t\t\t\t<div class=\"elementor-widget-container\">\n\t\t\t\t\t\t\t<p>Al\u00fcminyum ofis b\u00f6lme sistemleri, h\u0131zl\u0131 bir montaj s\u00fcresi sunar. Bu da ofis d\u00fczenlemelerinde esneklik sa\u011flar.<\/p>\t\t\t\t\t\t<\/div>\n\t\t\t\t<\/div>\n\t\t\t\t<div class=\"elementor-element elementor-element-21a0de72 elementor-widget elementor-widget-heading\" data-id=\"21a0de72\" data-element_type=\"widget\" data-widget_type=\"heading.default\">\n\t\t\t\t<div class=\"elementor-widget-container\">\n\t\t\t<h5 class=\"elementor-heading-title elementor-size-default\">\u00d6zelle\u015ftirilebilir \u00d6l\u00e7\u00fcler<\/h5>\t\t<\/div>\n\t\t\t\t<\/div>\n\t\t\t\t<div class=\"elementor-element elementor-element-8204400 elementor-widget elementor-widget-text-editor\" data-id=\"8204400\" data-element_type=\"widget\" data-widget_type=\"text-editor.default\">\n\t\t\t\t<div class=\"elementor-widget-container\">\n\t\t\t\t\t\t\t<p>Ofis b\u00f6lme sistemleri farkl\u0131 \u00f6l\u00e7\u00fclerde \u00fcretilebilir. Farkl\u0131 tasar\u0131m ihtiya\u00e7lar\u0131na uygun olarak \u00f6zelle\u015ftirilebilir. Oval d\u00f6n\u00fc\u015fler gibi zorlu alanlarda alternatif \u00e7\u00f6z\u00fcmler sunabilir.<\/p>\t\t\t\t\t\t<\/div>\n\t\t\t\t<\/div>\n\t\t\t\t<div class=\"elementor-element elementor-element-4055bb68 elementor-widget elementor-widget-heading\" data-id=\"4055bb68\" data-element_type=\"widget\" data-widget_type=\"heading.default\">\n\t\t\t\t<div class=\"elementor-widget-container\">\n\t\t\t<h5 class=\"elementor-heading-title elementor-size-default\">G\u00fcvenlik<\/h5>\t\t<\/div>\n\t\t\t\t<\/div>\n\t\t\t\t<div class=\"elementor-element elementor-element-2e9a33d elementor-widget elementor-widget-text-editor\" data-id=\"2e9a33d\" data-element_type=\"widget\" data-widget_type=\"text-editor.default\">\n\t\t\t\t<div class=\"elementor-widget-container\">\n\t\t\t\t\t\t\t<p>\u0130nsan g\u00fcvenli\u011fi g\u00f6z \u00f6n\u00fcnde bulundurularak tasarlanm\u0131\u015ft\u0131r. Dayan\u0131kl\u0131 cam paneller ve sa\u011flam montaj sistemleri ile g\u00fcvenlik sa\u011flar.<\/p>\t\t\t\t\t\t<\/div>\n\t\t\t\t<\/div>\n\t\t\t\t<div class=\"elementor-element elementor-element-2b6e56c elementor-widget elementor-widget-heading\" data-id=\"2b6e56c\" data-element_type=\"widget\" data-widget_type=\"heading.default\">\n\t\t\t\t<div class=\"elementor-widget-container\">\n\t\t\t<h3 class=\"elementor-heading-title elementor-size-default\">Ofis B\u00f6lme Sistem \u00c7e\u015fitleri<\/h3>\t\t<\/div>\n\t\t\t\t<\/div>\n\t\t\t\t<div class=\"elementor-element elementor-element-2765095 elementor-widget elementor-widget-text-editor\" data-id=\"2765095\" data-element_type=\"widget\" data-widget_type=\"text-editor.default\">\n\t\t\t\t<div class=\"elementor-widget-container\">\n\t\t\t\t\t\t\t<ul><li><p><strong>\u00c7ift Caml\u0131:<\/strong> Daha fazla ses yal\u0131t\u0131m\u0131 sa\u011flar ve \u00f6zel toplant\u0131 odalar\u0131 i\u00e7in uygundur.<\/p><\/li><li><p><strong>Ah\u015fap:<\/strong> S\u0131cak bir atmosfer yarat\u0131r ve geleneksel bir g\u00f6r\u00fcn\u00fcm sunar.<\/p><\/li><li><p><strong>Caml\u0131 Ah\u015fap:<\/strong> Ah\u015fab\u0131n s\u0131cakl\u0131\u011f\u0131 ile cam\u0131n \u015feffafl\u0131\u011f\u0131 bir araya gelir.<\/p><\/li><li><p><strong>Akustik Caml\u0131:<\/strong> G\u00fcr\u00fclt\u00fcy\u00fc azalt\u0131r ve sessiz \u00e7al\u0131\u015fma ortamlar\u0131 olu\u015fturur.<\/p><\/li><li><p><strong>Yap\u0131\u015fma Caml\u0131:<\/strong> \u015eeffafl\u0131k ve minimalist bir tasar\u0131m sunar<\/p><\/li><\/ul>\t\t\t\t\t\t<\/div>\n\t\t\t\t<\/div>\n\t\t\t\t\t<\/div>\n\t\t<\/div>\n\t\t\t\t<div class=\"elementor-column elementor-col-33 elementor-top-column elementor-element elementor-element-19073d6\" data-id=\"19073d6\" data-element_type=\"column\">\n\t\t\t<div class=\"elementor-widget-wrap elementor-element-populated\">\n\t\t\t\t\t\t\t\t<div class=\"elementor-element elementor-element-454aa3d3 elementor-widget elementor-widget-image\" data-id=\"454aa3d3\" data-element_type=\"widget\" data-widget_type=\"image.default\">\n\t\t\t\t<div class=\"elementor-widget-container\">\n\t\t\t<style>\/*! elementor - v3.15.0 - 09-08-2023 *\/\n.elementor-widget-image{text-align:center}.elementor-widget-image a{display:inline-block}.elementor-widget-image a img[src$=\".svg\"]{width:48px}.elementor-widget-image img{vertical-align:middle;display:inline-block}<\/style>\t\t\t\t\t\t\t\t\t\t\t\t<img decoding=\"async\" width=\"650\" height=\"350\" src=\"https:\/\/www.aluengsystems.com\/wp-content\/uploads\/2023\/10\/ofisbolmesis3.png\" class=\"attachment-large size-large wp-image-2767\" alt=\"\" loading=\"lazy\" srcset=\"https:\/\/www.aluengsystems.com\/wp-content\/uploads\/2023\/10\/ofisbolmesis3.png 650w, https:\/\/www.aluengsystems.com\/wp-content\/uploads\/2023\/10\/ofisbolmesis3-300x162.png 300w\" sizes=\"(max-width: 650px) 100vw, 650px\" \/>\t\t\t\t\t\t\t\t\t\t\t\t\t\t\t<\/div>\n\t\t\t\t<\/div>\n\t\t\t\t<div class=\"elementor-element elementor-element-553115e9 elementor-widget elementor-widget-image\" data-id=\"553115e9\" data-element_type=\"widget\" data-widget_type=\"image.default\">\n\t\t\t\t<div class=\"elementor-widget-container\">\n\t\t\t\t\t\t\t\t\t\t\t\t\t\t\t<img decoding=\"async\" width=\"650\" height=\"350\" src=\"https:\/\/www.aluengsystems.com\/wp-content\/uploads\/2023\/10\/ofisbolmesis2.png\" class=\"attachment-large size-large wp-image-2769\" alt=\"\" loading=\"lazy\" srcset=\"https:\/\/www.aluengsystems.com\/wp-content\/uploads\/2023\/10\/ofisbolmesis2.png 650w, https:\/\/www.aluengsystems.com\/wp-content\/uploads\/2023\/10\/ofisbolmesis2-300x162.png 300w\" sizes=\"(max-width: 650px) 100vw, 650px\" \/>\t\t\t\t\t\t\t\t\t\t\t\t\t\t\t<\/div>\n\t\t\t\t<\/div>\n\t\t\t\t<div class=\"elementor-element elementor-element-67eb23c9 elementor-widget elementor-widget-image\" data-id=\"67eb23c9\" data-element_type=\"widget\" data-widget_type=\"image.default\">\n\t\t\t\t<div class=\"elementor-widget-container\">\n\t\t\t\t\t\t\t\t\t\t\t\t\t\t\t<img decoding=\"async\" width=\"650\" height=\"650\" src=\"https:\/\/www.aluengsystems.com\/wp-content\/uploads\/2023\/10\/ofisbolmesis1.png\" class=\"attachment-large size-large wp-image-2770\" alt=\"\" loading=\"lazy\" srcset=\"https:\/\/www.aluengsystems.com\/wp-content\/uploads\/2023\/10\/ofisbolmesis1.png 650w, https:\/\/www.aluengsystems.com\/wp-content\/uploads\/2023\/10\/ofisbolmesis1-300x300.png 300w, https:\/\/www.aluengsystems.com\/wp-content\/uploads\/2023\/10\/ofisbolmesis1-150x150.png 150w\" sizes=\"(max-width: 650px) 100vw, 650px\" \/>\t\t\t\t\t\t\t\t\t\t\t\t\t\t\t<\/div>\n\t\t\t\t<\/div>\n\t\t\t\t\t<\/div>\n\t\t<\/div>\n\t\t\t\t\t\t\t<\/div>\n\t\t<\/section>\n\t\t\t\t<section class=\"elementor-section elementor-top-section elementor-element elementor-element-3d32f4ba elementor-section-boxed elementor-section-height-default elementor-section-height-default\" data-id=\"3d32f4ba\" data-element_type=\"section\" data-settings=\"{&quot;background_background&quot;:&quot;classic&quot;}\">\n\t\t\t\t\t\t<div class=\"elementor-container elementor-column-gap-default\">\n\t\t\t\t\t<div class=\"elementor-column elementor-col-100 elementor-top-column elementor-element elementor-element-3289fa71\" data-id=\"3289fa71\" data-element_type=\"column\" data-settings=\"{&quot;background_background&quot;:&quot;classic&quot;}\">\n\t\t\t<div class=\"elementor-widget-wrap elementor-element-populated\">\n\t\t\t\t\t\t\t\t<section class=\"elementor-section elementor-inner-section elementor-element elementor-element-79935c8e elementor-section-content-middle elementor-section-boxed elementor-section-height-default elementor-section-height-default\" data-id=\"79935c8e\" data-element_type=\"section\">\n\t\t\t\t\t\t<div class=\"elementor-container elementor-column-gap-default\">\n\t\t\t\t\t<div class=\"elementor-column elementor-col-50 elementor-inner-column elementor-element elementor-element-25bb4631\" data-id=\"25bb4631\" data-element_type=\"column\">\n\t\t\t<div class=\"elementor-widget-wrap elementor-element-populated\">\n\t\t\t\t\t\t\t\t<div class=\"elementor-element elementor-element-17a4cd2f elementor-widget elementor-widget-heading\" data-id=\"17a4cd2f\" data-element_type=\"widget\" data-widget_type=\"heading.default\">\n\t\t\t\t<div class=\"elementor-widget-container\">\n\t\t\t<h3 class=\"elementor-heading-title elementor-size-default\">Projenizde bizimle \u00e7al\u0131\u015fmak ister misiniz?<\/h3>\t\t<\/div>\n\t\t\t\t<\/div>\n\t\t\t\t<div class=\"elementor-element elementor-element-1ab726fc elementor-widget elementor-widget-text-editor\" data-id=\"1ab726fc\" data-element_type=\"widget\" data-widget_type=\"text-editor.default\">\n\t\t\t\t<div class=\"elementor-widget-container\">\n\t\t\t\t\t\t\t<p>Proje detaylar\u0131n\u0131z\u0131 g\u00f6r\u00fc\u015fmek ve i\u015fbirli\u011fi yapmak i\u00e7in hemen bizi aray\u0131n!<\/p>\t\t\t\t\t\t<\/div>\n\t\t\t\t<\/div>\n\t\t\t\t\t<\/div>\n\t\t<\/div>\n\t\t\t\t<div class=\"elementor-column elementor-col-50 elementor-inner-column elementor-element elementor-element-31772fd3\" data-id=\"31772fd3\" data-element_type=\"column\">\n\t\t\t<div class=\"elementor-widget-wrap elementor-element-populated\">\n\t\t\t\t\t\t\t\t<div class=\"elementor-element elementor-element-27335303 elementor-align-right elementor-tablet-align-center elementor-widget elementor-widget-button\" data-id=\"27335303\" data-element_type=\"widget\" data-widget_type=\"button.default\">\n\t\t\t\t<div class=\"elementor-widget-container\">\n\t\t\t\t\t<div class=\"elementor-button-wrapper\">\n\t\t\t<a class=\"elementor-button elementor-button-link elementor-size-sm\" href=\"\/index.php\/contact\/\">\n\t\t\t\t\t\t<span class=\"elementor-button-content-wrapper\">\n\t\t\t\t\t\t<span class=\"elementor-button-text\">Bize Ula\u015f\u0131n<\/span>\n\t\t<\/span>\n\t\t\t\t\t<\/a>\n\t\t<\/div>\n\t\t\t\t<\/div>\n\t\t\t\t<\/div>\n\t\t\t\t\t<\/div>\n\t\t<\/div>\n\t\t\t\t\t\t\t<\/div>\n\t\t<\/section>\n\t\t\t\t\t<\/div>\n\t\t<\/div>\n\t\t\t\t\t\t\t<\/div>\n\t\t<\/section>\n\t\t\t\t\t\t\t<\/div>\n\t\t","protected":false},"excerpt":{"rendered":"<p>Ofis B\u00f6lme Sistemleri Ofis B\u00f6lme Sistemlerinin Avantajlar\u0131 Ofisler, i\u015f d\u00fcnyas\u0131n\u0131n merkezindeki \u00f6nemli bir mekand\u0131r ve \u00e7al\u0131\u015fanlar\u0131n verimlili\u011fini art\u0131rmak i\u00e7in uygun d\u00fczenlemelere ihtiya\u00e7 duyar. Al\u00fcminyum ofis b\u00f6lme sistemleri, bu ihtiya\u00e7lar\u0131 kar\u015f\u0131lamak i\u00e7in m\u00fckemmel bir \u00e7\u00f6z\u00fcm sunar ve bir dizi avantaja sahiptir. \u015eeffafl\u0131k ve Estetik Bu sistem, \u015feffafl\u0131k ve esteti\u011fi bir araya getirir, b\u00f6ylece \u00e7al\u0131\u015fma ortam\u0131n\u0131za zarafet &hellip;<\/p>\n<p class=\"read-more\"> <a class=\"\" href=\"https:\/\/www.aluengsystems.com\/index.php\/ofis-bolme-sistemleri\/\"> <span class=\"screen-reader-text\">Ofis B\u00f6lme Sistemleri<\/span> Read More &raquo;<\/a><\/p>\n","protected":false},"author":2,"featured_media":0,"parent":0,"menu_order":0,"comment_status":"closed","ping_status":"closed","template":"","meta":{"site-sidebar-layout":"no-sidebar","site-content-layout":"page-builder","ast-global-header-display":"","ast-banner-title-visibility":"","ast-main-header-display":"","ast-hfb-above-header-display":"","ast-hfb-below-header-display":"","ast-hfb-mobile-header-display":"","site-post-title":"disabled","ast-breadcrumbs-content":"","ast-featured-img":"disabled","footer-sml-layout":"","theme-transparent-header-meta":"","adv-header-id-meta":"","stick-header-meta":"","header-above-stick-meta":"","header-main-stick-meta":"","header-below-stick-meta":""},"_links":{"self":[{"href":"https:\/\/www.aluengsystems.com\/index.php\/wp-json\/wp\/v2\/pages\/2678"}],"collection":[{"href":"https:\/\/www.aluengsystems.com\/index.php\/wp-json\/wp\/v2\/pages"}],"about":[{"href":"https:\/\/www.aluengsystems.com\/index.php\/wp-json\/wp\/v2\/types\/page"}],"author":[{"embeddable":true,"href":"https:\/\/www.aluengsystems.com\/index.php\/wp-json\/wp\/v2\/users\/2"}],"replies":[{"embeddable":true,"href":"https:\/\/www.aluengsystems.com\/index.php\/wp-json\/wp\/v2\/comments?post=2678"}],"version-history":[{"count":27,"href":"https:\/\/www.aluengsystems.com\/index.php\/wp-json\/wp\/v2\/pages\/2678\/revisions"}],"predecessor-version":[{"id":2879,"href":"https:\/\/www.aluengsystems.com\/index.php\/wp-json\/wp\/v2\/pages\/2678\/revisions\/2879"}],"wp:attachment":[{"href":"https:\/\/www.aluengsystems.com\/index.php\/wp-json\/wp\/v2\/media?parent=2678"}],"curies":[{"name":"wp","href":"https:\/\/api.w.org\/{rel}","templated":true}]}}