{"id":3265,"date":"2024-10-21T08:55:13","date_gmt":"2024-10-21T08:55:13","guid":{"rendered":"https:\/\/www.aluengsystems.com\/?page_id=3265"},"modified":"2024-10-21T08:58:30","modified_gmt":"2024-10-21T08:58:30","slug":"bioklimatik-sistemler","status":"publish","type":"page","link":"https:\/\/www.aluengsystems.com\/index.php\/bioklimatik-sistemler\/","title":{"rendered":"Bioklimatik Sistemler"},"content":{"rendered":"\t\t<div data-elementor-type=\"wp-page\" data-elementor-id=\"3265\" class=\"elementor elementor-3265\">\n\t\t\t\t\t\t\t\t\t<section class=\"elementor-section elementor-top-section elementor-element elementor-element-1f58c1b2 elementor-section-stretched elementor-section-height-min-height elementor-section-boxed elementor-section-height-default elementor-section-items-middle elementor-invisible\" data-id=\"1f58c1b2\" data-element_type=\"section\" data-settings=\"{&quot;background_background&quot;:&quot;classic&quot;,&quot;stretch_section&quot;:&quot;section-stretched&quot;,&quot;animation&quot;:&quot;fadeIn&quot;}\">\n\t\t\t\t\t\t\t<div class=\"elementor-background-overlay\"><\/div>\n\t\t\t\t\t\t\t<div class=\"elementor-container elementor-column-gap-no\">\n\t\t\t\t\t<div class=\"elementor-column elementor-col-100 elementor-top-column elementor-element elementor-element-33a572e8\" data-id=\"33a572e8\" data-element_type=\"column\">\n\t\t\t<div class=\"elementor-widget-wrap elementor-element-populated\">\n\t\t\t\t\t\t\t\t<div class=\"elementor-element elementor-element-12ac194a elementor-widget elementor-widget-heading\" data-id=\"12ac194a\" data-element_type=\"widget\" data-widget_type=\"heading.default\">\n\t\t\t\t<div class=\"elementor-widget-container\">\n\t\t\t<style>\/*! elementor - v3.15.0 - 09-08-2023 *\/\n.elementor-heading-title{padding:0;margin:0;line-height:1}.elementor-widget-heading .elementor-heading-title[class*=elementor-size-]>a{color:inherit;font-size:inherit;line-height:inherit}.elementor-widget-heading .elementor-heading-title.elementor-size-small{font-size:15px}.elementor-widget-heading .elementor-heading-title.elementor-size-medium{font-size:19px}.elementor-widget-heading .elementor-heading-title.elementor-size-large{font-size:29px}.elementor-widget-heading .elementor-heading-title.elementor-size-xl{font-size:39px}.elementor-widget-heading .elementor-heading-title.elementor-size-xxl{font-size:59px}<\/style><h2 class=\"elementor-heading-title elementor-size-default\">Biyoklimatik Sistemler<\/h2>\t\t<\/div>\n\t\t\t\t<\/div>\n\t\t\t\t\t<\/div>\n\t\t<\/div>\n\t\t\t\t\t\t\t<\/div>\n\t\t<\/section>\n\t\t\t\t<section class=\"elementor-section elementor-top-section elementor-element elementor-element-85ba346 elementor-section-boxed elementor-section-height-default elementor-section-height-default\" data-id=\"85ba346\" data-element_type=\"section\" data-settings=\"{&quot;background_background&quot;:&quot;gradient&quot;}\">\n\t\t\t\t\t\t<div class=\"elementor-container elementor-column-gap-default\">\n\t\t\t\t\t<div class=\"elementor-column elementor-col-66 elementor-top-column elementor-element elementor-element-c1a0254\" data-id=\"c1a0254\" data-element_type=\"column\">\n\t\t\t<div class=\"elementor-widget-wrap elementor-element-populated\">\n\t\t\t\t\t\t\t\t<div class=\"elementor-element elementor-element-232114b elementor-widget elementor-widget-heading\" data-id=\"232114b\" data-element_type=\"widget\" data-widget_type=\"heading.default\">\n\t\t\t\t<div class=\"elementor-widget-container\">\n\t\t\t<h3 class=\"elementor-heading-title elementor-size-default\">Biyoklimatik Sistemlerin Avantajlar\u0131<\/h3>\t\t<\/div>\n\t\t\t\t<\/div>\n\t\t\t\t<div class=\"elementor-element elementor-element-26081b1 elementor-widget elementor-widget-text-editor\" data-id=\"26081b1\" data-element_type=\"widget\" data-widget_type=\"text-editor.default\">\n\t\t\t\t<div class=\"elementor-widget-container\">\n\t\t\t<style>\/*! elementor - v3.15.0 - 09-08-2023 *\/\n.elementor-widget-text-editor.elementor-drop-cap-view-stacked .elementor-drop-cap{background-color:#69727d;color:#fff}.elementor-widget-text-editor.elementor-drop-cap-view-framed .elementor-drop-cap{color:#69727d;border:3px solid;background-color:transparent}.elementor-widget-text-editor:not(.elementor-drop-cap-view-default) .elementor-drop-cap{margin-top:8px}.elementor-widget-text-editor:not(.elementor-drop-cap-view-default) .elementor-drop-cap-letter{width:1em;height:1em}.elementor-widget-text-editor .elementor-drop-cap{float:left;text-align:center;line-height:1;font-size:50px}.elementor-widget-text-editor .elementor-drop-cap-letter{display:inline-block}<\/style>\t\t\t\t<p>Biyoklimatik sistemler, konutlardan ticari binalara kadar geni\u015f bir yelpazede uygulanabilir. \u00d6zellikle enerji tasarrufunun \u00f6n planda oldu\u011fu ye\u015fil bina projelerinde, ofislerde, kamu binalar\u0131nda ve rezidanslarda tercih edilir. Ayr\u0131ca a\u00e7\u0131k alanlarda biyoklimatik pergola ve tente sistemleri de s\u0131kl\u0131kla kullan\u0131l\u0131r.<\/p>\t\t\t\t\t\t<\/div>\n\t\t\t\t<\/div>\n\t\t\t\t<div class=\"elementor-element elementor-element-888087a elementor-widget elementor-widget-heading\" data-id=\"888087a\" data-element_type=\"widget\" data-widget_type=\"heading.default\">\n\t\t\t\t<div class=\"elementor-widget-container\">\n\t\t\t<h5 class=\"elementor-heading-title elementor-size-default\">Enerji Verimlili\u011fi<\/h5>\t\t<\/div>\n\t\t\t\t<\/div>\n\t\t\t\t<div class=\"elementor-element elementor-element-1d8cd47 elementor-widget elementor-widget-text-editor\" data-id=\"1d8cd47\" data-element_type=\"widget\" data-widget_type=\"text-editor.default\">\n\t\t\t\t<div class=\"elementor-widget-container\">\n\t\t\t\t\t\t\t<p>Biyoklimatik sistemler, do\u011fal iklim ko\u015fullar\u0131n\u0131 optimize ederek enerji t\u00fcketimini \u00f6nemli \u00f6l\u00e7\u00fcde azalt\u0131r. Bu, hem \u0131s\u0131nma hem de so\u011futma maliyetlerini d\u00fc\u015f\u00fcr\u00fcr.<\/p>\t\t\t\t\t\t<\/div>\n\t\t\t\t<\/div>\n\t\t\t\t<div class=\"elementor-element elementor-element-afc5a1f elementor-widget elementor-widget-heading\" data-id=\"afc5a1f\" data-element_type=\"widget\" data-widget_type=\"heading.default\">\n\t\t\t\t<div class=\"elementor-widget-container\">\n\t\t\t<h5 class=\"elementor-heading-title elementor-size-default\">\u00c7evre Dostu<\/h5>\t\t<\/div>\n\t\t\t\t<\/div>\n\t\t\t\t<div class=\"elementor-element elementor-element-68bf13d elementor-widget elementor-widget-text-editor\" data-id=\"68bf13d\" data-element_type=\"widget\" data-widget_type=\"text-editor.default\">\n\t\t\t\t<div class=\"elementor-widget-container\">\n\t\t\t\t\t\t\t<p>Do\u011fal kaynaklardan yararlanarak enerji t\u00fcketimini azaltt\u0131\u011f\u0131 i\u00e7in biyoklimatik sistemler, karbon ayak izini azalt\u0131r ve \u00e7evre dostu bir yakla\u015f\u0131m sunar.<\/p>\t\t\t\t\t\t<\/div>\n\t\t\t\t<\/div>\n\t\t\t\t<div class=\"elementor-element elementor-element-88d9fcb elementor-widget elementor-widget-heading\" data-id=\"88d9fcb\" data-element_type=\"widget\" data-widget_type=\"heading.default\">\n\t\t\t\t<div class=\"elementor-widget-container\">\n\t\t\t<h5 class=\"elementor-heading-title elementor-size-default\">Konfor Art\u0131\u015f\u0131<\/h5>\t\t<\/div>\n\t\t\t\t<\/div>\n\t\t\t\t<div class=\"elementor-element elementor-element-eb4d131 elementor-widget elementor-widget-text-editor\" data-id=\"eb4d131\" data-element_type=\"widget\" data-widget_type=\"text-editor.default\">\n\t\t\t\t<div class=\"elementor-widget-container\">\n\t\t\t\t\t\t\t<p>\u0130\u00e7 mekanlarda \u0131s\u0131 ve hava ak\u0131\u015f\u0131n\u0131 optimize ederek kullan\u0131c\u0131 konforunu art\u0131r\u0131r. G\u00fcne\u015f \u0131\u015f\u0131\u011f\u0131n\u0131 do\u011fru y\u00f6nlendirme ve havaland\u0131rmay\u0131 do\u011fal yollarla sa\u011flama gibi unsurlarla, yap\u0131n\u0131n i\u00e7indeki ya\u015fam kalitesi y\u00fckselir<\/p>\t\t\t\t\t\t<\/div>\n\t\t\t\t<\/div>\n\t\t\t\t<div class=\"elementor-element elementor-element-6fb7983 elementor-widget elementor-widget-heading\" data-id=\"6fb7983\" data-element_type=\"widget\" data-widget_type=\"heading.default\">\n\t\t\t\t<div class=\"elementor-widget-container\">\n\t\t\t<h5 class=\"elementor-heading-title elementor-size-default\">Maliyet Tasarrufu<\/h5>\t\t<\/div>\n\t\t\t\t<\/div>\n\t\t\t\t<div class=\"elementor-element elementor-element-6d20cc8 elementor-widget elementor-widget-text-editor\" data-id=\"6d20cc8\" data-element_type=\"widget\" data-widget_type=\"text-editor.default\">\n\t\t\t\t<div class=\"elementor-widget-container\">\n\t\t\t\t\t\t\t<p>Enerji t\u00fcketimindeki azalma, uzun vadede i\u015fletme maliyetlerinde \u00f6nemli tasarruf sa\u011flar. Ayr\u0131ca bu sistemler, bak\u0131m ve i\u015fletme a\u00e7\u0131s\u0131ndan da ekonomiktir.<\/p>\t\t\t\t\t\t<\/div>\n\t\t\t\t<\/div>\n\t\t\t\t\t<\/div>\n\t\t<\/div>\n\t\t\t\t<div class=\"elementor-column elementor-col-33 elementor-top-column elementor-element elementor-element-facfff4\" data-id=\"facfff4\" data-element_type=\"column\">\n\t\t\t<div class=\"elementor-widget-wrap elementor-element-populated\">\n\t\t\t\t\t\t\t\t<div class=\"elementor-element elementor-element-ee1e447 elementor-widget elementor-widget-image\" data-id=\"ee1e447\" data-element_type=\"widget\" data-widget_type=\"image.default\">\n\t\t\t\t<div class=\"elementor-widget-container\">\n\t\t\t<style>\/*! elementor - v3.15.0 - 09-08-2023 *\/\n.elementor-widget-image{text-align:center}.elementor-widget-image a{display:inline-block}.elementor-widget-image a img[src$=\".svg\"]{width:48px}.elementor-widget-image img{vertical-align:middle;display:inline-block}<\/style>\t\t\t\t\t\t\t\t\t\t\t\t<img decoding=\"async\" width=\"1024\" height=\"639\" src=\"https:\/\/www.aluengsystems.com\/wp-content\/uploads\/2024\/10\/IMG-20241011-WA0004.jpg\" class=\"attachment-large size-large wp-image-3267\" alt=\"\" loading=\"lazy\" srcset=\"https:\/\/www.aluengsystems.com\/wp-content\/uploads\/2024\/10\/IMG-20241011-WA0004.jpg 1024w, https:\/\/www.aluengsystems.com\/wp-content\/uploads\/2024\/10\/IMG-20241011-WA0004-300x187.jpg 300w, https:\/\/www.aluengsystems.com\/wp-content\/uploads\/2024\/10\/IMG-20241011-WA0004-768x479.jpg 768w\" sizes=\"(max-width: 1024px) 100vw, 1024px\" \/>\t\t\t\t\t\t\t\t\t\t\t\t\t\t\t<\/div>\n\t\t\t\t<\/div>\n\t\t\t\t<div class=\"elementor-element elementor-element-d95b6fe elementor-widget elementor-widget-image\" data-id=\"d95b6fe\" data-element_type=\"widget\" data-widget_type=\"image.default\">\n\t\t\t\t<div class=\"elementor-widget-container\">\n\t\t\t\t\t\t\t\t\t\t\t\t\t\t\t<img decoding=\"async\" width=\"1024\" height=\"683\" src=\"https:\/\/www.aluengsystems.com\/wp-content\/uploads\/2024\/10\/WhatsApp-Gorsel-2024-10-11-saat-11.25.17_81405208-1024x683.jpg\" class=\"attachment-large size-large wp-image-3268\" alt=\"\" loading=\"lazy\" srcset=\"https:\/\/www.aluengsystems.com\/wp-content\/uploads\/2024\/10\/WhatsApp-Gorsel-2024-10-11-saat-11.25.17_81405208-1024x683.jpg 1024w, https:\/\/www.aluengsystems.com\/wp-content\/uploads\/2024\/10\/WhatsApp-Gorsel-2024-10-11-saat-11.25.17_81405208-300x200.jpg 300w, https:\/\/www.aluengsystems.com\/wp-content\/uploads\/2024\/10\/WhatsApp-Gorsel-2024-10-11-saat-11.25.17_81405208-768x512.jpg 768w, https:\/\/www.aluengsystems.com\/wp-content\/uploads\/2024\/10\/WhatsApp-Gorsel-2024-10-11-saat-11.25.17_81405208-1536x1024.jpg 1536w, https:\/\/www.aluengsystems.com\/wp-content\/uploads\/2024\/10\/WhatsApp-Gorsel-2024-10-11-saat-11.25.17_81405208.jpg 1600w\" sizes=\"(max-width: 1024px) 100vw, 1024px\" \/>\t\t\t\t\t\t\t\t\t\t\t\t\t\t\t<\/div>\n\t\t\t\t<\/div>\n\t\t\t\t<div class=\"elementor-element elementor-element-97bde71 elementor-widget elementor-widget-image\" data-id=\"97bde71\" data-element_type=\"widget\" data-widget_type=\"image.default\">\n\t\t\t\t<div class=\"elementor-widget-container\">\n\t\t\t\t\t\t\t\t\t\t\t\t\t\t\t<img decoding=\"async\" width=\"1000\" height=\"563\" src=\"https:\/\/www.aluengsystems.com\/wp-content\/uploads\/2024\/10\/IMG-20241011-WA0009.jpg\" class=\"attachment-large size-large wp-image-3269\" alt=\"\" loading=\"lazy\" srcset=\"https:\/\/www.aluengsystems.com\/wp-content\/uploads\/2024\/10\/IMG-20241011-WA0009.jpg 1000w, https:\/\/www.aluengsystems.com\/wp-content\/uploads\/2024\/10\/IMG-20241011-WA0009-300x169.jpg 300w, https:\/\/www.aluengsystems.com\/wp-content\/uploads\/2024\/10\/IMG-20241011-WA0009-768x432.jpg 768w\" sizes=\"(max-width: 1000px) 100vw, 1000px\" \/>\t\t\t\t\t\t\t\t\t\t\t\t\t\t\t<\/div>\n\t\t\t\t<\/div>\n\t\t\t\t\t<\/div>\n\t\t<\/div>\n\t\t\t\t\t\t\t<\/div>\n\t\t<\/section>\n\t\t\t\t<section class=\"elementor-section elementor-top-section elementor-element elementor-element-427dfd8 elementor-section-boxed elementor-section-height-default elementor-section-height-default\" data-id=\"427dfd8\" data-element_type=\"section\" data-settings=\"{&quot;background_background&quot;:&quot;classic&quot;}\">\n\t\t\t\t\t\t<div class=\"elementor-container elementor-column-gap-default\">\n\t\t\t\t\t<div class=\"elementor-column elementor-col-100 elementor-top-column elementor-element elementor-element-221875d1\" data-id=\"221875d1\" data-element_type=\"column\" data-settings=\"{&quot;background_background&quot;:&quot;classic&quot;}\">\n\t\t\t<div class=\"elementor-widget-wrap elementor-element-populated\">\n\t\t\t\t\t\t\t\t<section class=\"elementor-section elementor-inner-section elementor-element elementor-element-496b1b49 elementor-section-content-middle elementor-section-boxed elementor-section-height-default elementor-section-height-default\" data-id=\"496b1b49\" data-element_type=\"section\">\n\t\t\t\t\t\t<div class=\"elementor-container elementor-column-gap-default\">\n\t\t\t\t\t<div class=\"elementor-column elementor-col-50 elementor-inner-column elementor-element elementor-element-9e74248\" data-id=\"9e74248\" data-element_type=\"column\">\n\t\t\t<div class=\"elementor-widget-wrap elementor-element-populated\">\n\t\t\t\t\t\t\t\t<div class=\"elementor-element elementor-element-508b0c elementor-widget elementor-widget-heading\" data-id=\"508b0c\" data-element_type=\"widget\" data-widget_type=\"heading.default\">\n\t\t\t\t<div class=\"elementor-widget-container\">\n\t\t\t<h3 class=\"elementor-heading-title elementor-size-default\">Projenizde bizimle \u00e7al\u0131\u015fmak ister misiniz?<\/h3>\t\t<\/div>\n\t\t\t\t<\/div>\n\t\t\t\t<div class=\"elementor-element elementor-element-6fd3040 elementor-widget elementor-widget-text-editor\" data-id=\"6fd3040\" data-element_type=\"widget\" data-widget_type=\"text-editor.default\">\n\t\t\t\t<div class=\"elementor-widget-container\">\n\t\t\t\t\t\t\t<p>Al\u00fcminyum sistemleri hakk\u0131nda daha fazla bilgi almak ve bu \u00fcr\u00fcnlere sahip olmak i\u00e7in bize ula\u015f\u0131n. Size en kaliteli ve g\u00fcvenilir al\u00fcminyum kap\u0131 ve pencereleri sunmak i\u00e7in buraday\u0131z.<\/p>\t\t\t\t\t\t<\/div>\n\t\t\t\t<\/div>\n\t\t\t\t\t<\/div>\n\t\t<\/div>\n\t\t\t\t<div class=\"elementor-column elementor-col-50 elementor-inner-column elementor-element elementor-element-3f3d9739\" data-id=\"3f3d9739\" data-element_type=\"column\">\n\t\t\t<div class=\"elementor-widget-wrap elementor-element-populated\">\n\t\t\t\t\t\t\t\t<div class=\"elementor-element elementor-element-320d5ea elementor-align-right elementor-tablet-align-center elementor-widget elementor-widget-button\" data-id=\"320d5ea\" data-element_type=\"widget\" data-widget_type=\"button.default\">\n\t\t\t\t<div class=\"elementor-widget-container\">\n\t\t\t\t\t<div class=\"elementor-button-wrapper\">\n\t\t\t<a class=\"elementor-button elementor-button-link elementor-size-sm\" href=\"\/index.php\/contact\/\">\n\t\t\t\t\t\t<span class=\"elementor-button-content-wrapper\">\n\t\t\t\t\t\t<span class=\"elementor-button-text\">Bize Ula\u015f\u0131n<\/span>\n\t\t<\/span>\n\t\t\t\t\t<\/a>\n\t\t<\/div>\n\t\t\t\t<\/div>\n\t\t\t\t<\/div>\n\t\t\t\t\t<\/div>\n\t\t<\/div>\n\t\t\t\t\t\t\t<\/div>\n\t\t<\/section>\n\t\t\t\t\t<\/div>\n\t\t<\/div>\n\t\t\t\t\t\t\t<\/div>\n\t\t<\/section>\n\t\t\t\t\t\t\t<\/div>\n\t\t","protected":false},"excerpt":{"rendered":"<p>Biyoklimatik Sistemler Biyoklimatik Sistemlerin Avantajlar\u0131 Biyoklimatik sistemler, konutlardan ticari binalara kadar geni\u015f bir yelpazede uygulanabilir. \u00d6zellikle enerji tasarrufunun \u00f6n planda oldu\u011fu ye\u015fil bina projelerinde, ofislerde, kamu binalar\u0131nda ve rezidanslarda tercih edilir. Ayr\u0131ca a\u00e7\u0131k alanlarda biyoklimatik pergola ve tente sistemleri de s\u0131kl\u0131kla kullan\u0131l\u0131r. Enerji Verimlili\u011fi Biyoklimatik sistemler, do\u011fal iklim ko\u015fullar\u0131n\u0131 optimize ederek enerji t\u00fcketimini \u00f6nemli \u00f6l\u00e7\u00fcde &hellip;<\/p>\n<p class=\"read-more\"> <a class=\"\" href=\"https:\/\/www.aluengsystems.com\/index.php\/bioklimatik-sistemler\/\"> <span class=\"screen-reader-text\">Bioklimatik Sistemler<\/span> Read More &raquo;<\/a><\/p>\n","protected":false},"author":2,"featured_media":0,"parent":0,"menu_order":0,"comment_status":"closed","ping_status":"closed","template":"","meta":{"site-sidebar-layout":"no-sidebar","site-content-layout":"page-builder","ast-global-header-display":"","ast-banner-title-visibility":"","ast-main-header-display":"","ast-hfb-above-header-display":"","ast-hfb-below-header-display":"","ast-hfb-mobile-header-display":"","site-post-title":"disabled","ast-breadcrumbs-content":"","ast-featured-img":"disabled","footer-sml-layout":"","theme-transparent-header-meta":"","adv-header-id-meta":"","stick-header-meta":"","header-above-stick-meta":"","header-main-stick-meta":"","header-below-stick-meta":""},"_links":{"self":[{"href":"https:\/\/www.aluengsystems.com\/index.php\/wp-json\/wp\/v2\/pages\/3265"}],"collection":[{"href":"https:\/\/www.aluengsystems.com\/index.php\/wp-json\/wp\/v2\/pages"}],"about":[{"href":"https:\/\/www.aluengsystems.com\/index.php\/wp-json\/wp\/v2\/types\/page"}],"author":[{"embeddable":true,"href":"https:\/\/www.aluengsystems.com\/index.php\/wp-json\/wp\/v2\/users\/2"}],"replies":[{"embeddable":true,"href":"https:\/\/www.aluengsystems.com\/index.php\/wp-json\/wp\/v2\/comments?post=3265"}],"version-history":[{"count":4,"href":"https:\/\/www.aluengsystems.com\/index.php\/wp-json\/wp\/v2\/pages\/3265\/revisions"}],"predecessor-version":[{"id":3272,"href":"https:\/\/www.aluengsystems.com\/index.php\/wp-json\/wp\/v2\/pages\/3265\/revisions\/3272"}],"wp:attachment":[{"href":"https:\/\/www.aluengsystems.com\/index.php\/wp-json\/wp\/v2\/media?parent=3265"}],"curies":[{"name":"wp","href":"https:\/\/api.w.org\/{rel}","templated":true}]}}